{"id":65,"date":"2025-09-12T19:26:04","date_gmt":"2025-09-12T17:26:04","guid":{"rendered":"https:\/\/view.fis.agh.edu.pl\/service\/kerma\/?page_id=65"},"modified":"2025-10-04T12:50:26","modified_gmt":"2025-10-04T10:50:26","slug":"aktualnosci","status":"publish","type":"page","link":"https:\/\/view.fis.agh.edu.pl\/service\/kerma\/aktualnosci\/","title":{"rendered":"Aktualno\u015bci"},"content":{"rendered":"<ul class=\"wp-block-latest-posts__list has-dates has-link-color wp-elements-63a889eccc108e07116ffb2c0b871065 wp-block-latest-posts has-text-color has-contrast-color\"><li><a class=\"wp-block-latest-posts__post-title\" href=\"https:\/\/view.fis.agh.edu.pl\/service\/kerma\/2025\/09\/30\/malopolska-noc-naukowcow-2025\/\">Ma\u0142opolska Noc Naukowc\u00f3w 2025<\/a><time datetime=\"2025-09-30T11:50:06+02:00\" class=\"wp-block-latest-posts__post-date\">2025-09-30<\/time><div class=\"wp-block-latest-posts__post-excerpt\">W ubieg\u0142y pi\u0105tek przedstawiciele naszego Ko\u0142a mieli okazj\u0119 zaprezentowa\u0107 swoje projekty podczas Ma\u0142opolskiej Nocy Naukowc\u00f3w,\u2026 <a class=\"wp-block-latest-posts__read-more\" href=\"https:\/\/view.fis.agh.edu.pl\/service\/kerma\/2025\/09\/30\/malopolska-noc-naukowcow-2025\/\" rel=\"noopener noreferrer\">Dowiedz si\u0119 wi\u0119cej<span class=\"screen-reader-text\">: Ma\u0142opolska Noc Naukowc\u00f3w 2025<\/span><\/a><\/div><\/li>\n<li><a class=\"wp-block-latest-posts__post-title\" href=\"https:\/\/view.fis.agh.edu.pl\/service\/kerma\/2025\/09\/09\/nowy-zarzad\/\">Wyb\u00f3r nowego Zarz\u0105du<\/a><time datetime=\"2025-09-09T15:34:38+02:00\" class=\"wp-block-latest-posts__post-date\">2025-09-09<\/time><div class=\"wp-block-latest-posts__post-excerpt\">Podczas ostatniego spotkania Ko\u0142a w ubieg\u0142ym semestrze wy\u0142oniono nowy Zarz\u0105d na rok akademicki 2025\/2026.&nbsp;Z przyjemno\u015bci\u0105\u2026 <a class=\"wp-block-latest-posts__read-more\" href=\"https:\/\/view.fis.agh.edu.pl\/service\/kerma\/2025\/09\/09\/nowy-zarzad\/\" rel=\"noopener noreferrer\">Dowiedz si\u0119 wi\u0119cej<span class=\"screen-reader-text\">: Wyb\u00f3r nowego Zarz\u0105du<\/span><\/a><\/div><\/li>\n<li><a class=\"wp-block-latest-posts__post-title\" href=\"https:\/\/view.fis.agh.edu.pl\/service\/kerma\/2024\/11\/22\/dni-hoborskiego-vii-studencka-konferencja-nauk-scislych\/\">Dni Hoborskiego &#8211; VII Studencka Konferencja Nauk \u015acis\u0142ych<\/a><time datetime=\"2024-11-22T11:42:00+01:00\" class=\"wp-block-latest-posts__post-date\">2024-11-22<\/time><div class=\"wp-block-latest-posts__post-excerpt\">We wtorek 19 listopada odby\u0142a si\u0119 VII Studencka Konferencja Nauk \u015acis\u0142ych w ramach Dni Hoborskiego.\u2026 <a class=\"wp-block-latest-posts__read-more\" href=\"https:\/\/view.fis.agh.edu.pl\/service\/kerma\/2024\/11\/22\/dni-hoborskiego-vii-studencka-konferencja-nauk-scislych\/\" rel=\"noopener noreferrer\">Dowiedz si\u0119 wi\u0119cej<span class=\"screen-reader-text\">: Dni Hoborskiego &#8211; VII Studencka Konferencja Nauk \u015acis\u0142ych<\/span><\/a><\/div><\/li>\n<\/ul>\n\n\n<p><\/p>\n","protected":false},"excerpt":{"rendered":"","protected":false},"author":1,"featured_media":0,"parent":0,"menu_order":0,"comment_status":"closed","ping_status":"closed","template":"","meta":{"footnotes":""},"class_list":["post-65","page","type-page","status-publish","hentry"],"_links":{"self":[{"href":"https:\/\/view.fis.agh.edu.pl\/service\/kerma\/wp-json\/wp\/v2\/pages\/65","targetHints":{"allow":["GET"]}}],"collection":[{"href":"https:\/\/view.fis.agh.edu.pl\/service\/kerma\/wp-json\/wp\/v2\/pages"}],"about":[{"href":"https:\/\/view.fis.agh.edu.pl\/service\/kerma\/wp-json\/wp\/v2\/types\/page"}],"author":[{"embeddable":true,"href":"https:\/\/view.fis.agh.edu.pl\/service\/kerma\/wp-json\/wp\/v2\/users\/1"}],"replies":[{"embeddable":true,"href":"https:\/\/view.fis.agh.edu.pl\/service\/kerma\/wp-json\/wp\/v2\/comments?post=65"}],"version-history":[{"count":8,"href":"https:\/\/view.fis.agh.edu.pl\/service\/kerma\/wp-json\/wp\/v2\/pages\/65\/revisions"}],"predecessor-version":[{"id":161,"href":"https:\/\/view.fis.agh.edu.pl\/service\/kerma\/wp-json\/wp\/v2\/pages\/65\/revisions\/161"}],"wp:attachment":[{"href":"https:\/\/view.fis.agh.edu.pl\/service\/kerma\/wp-json\/wp\/v2\/media?parent=65"}],"curies":[{"name":"wp","href":"https:\/\/api.w.org\/{rel}","templated":true}]}}