{"id":75,"date":"2025-09-12T19:33:38","date_gmt":"2025-09-12T17:33:38","guid":{"rendered":"https:\/\/view.fis.agh.edu.pl\/service\/kerma\/?page_id=75"},"modified":"2025-09-19T11:35:31","modified_gmt":"2025-09-19T09:35:31","slug":"kontakt","status":"publish","type":"page","link":"https:\/\/view.fis.agh.edu.pl\/service\/kerma\/kontakt\/","title":{"rendered":"Kontakt"},"content":{"rendered":"\n<p class=\"has-large-font-size\"><strong>Zarz\u0105d Studenckiego Ko\u0142a Naukowego KERMA<\/strong><\/p>\n\n\n\n<p><strong>Prezes Ko\u0142a<\/strong> \u2013 Nina \u0141ypaczewska<\/p>\n\n\n\n<p><strong>Wiceprezes, Kierownik ds. Finans\u00f3w<\/strong> \u2013 Zofia Bry\u0142owska<\/p>\n\n\n\n<p><strong>Kierownik ds. Pokaz\u00f3w<\/strong> \u2013 Piotr Dulniak<\/p>\n\n\n\n<p><strong>Kierownik ds. Social Medi\u00f3w<\/strong> \u2013 Oliwia Sosnal<\/p>\n\n\n\n<p><strong>Kierownik ds. Wyjazd\u00f3w, Konferencji i Projekt\u00f3w<\/strong> \u2013 Patryk W\u0119gierski<\/p>\n\n\n\n<p><strong>Opiekun Ko\u0142a<\/strong> \u2013 dr hab. in\u017c. Joanna Chwiej<\/p>\n\n\n\n<p class=\"has-large-font-size\"><strong>Kontakt<\/strong><\/p>\n\n\n\n<p><strong>Adres email:<\/strong> <a href=\"mailto:kerma@agh.edu.pl\">kerma@agh.edu.pl<\/a><\/p>\n","protected":false},"excerpt":{"rendered":"<p>Zarz\u0105d Studenckiego Ko\u0142a Naukowego KERMA Prezes Ko\u0142a \u2013 Nina \u0141ypaczewska Wiceprezes, Kierownik ds. Finans\u00f3w \u2013 Zofia Bry\u0142owska Kierownik ds. Pokaz\u00f3w \u2013 Piotr Dulniak Kierownik ds. Social Medi\u00f3w \u2013 Oliwia Sosnal Kierownik ds. Wyjazd\u00f3w, Konferencji i Projekt\u00f3w \u2013 Patryk W\u0119gierski Opiekun Ko\u0142a \u2013 dr hab. in\u017c. Joanna Chwiej Kontakt Adres email: kerma@agh.edu.pl<\/p>\n","protected":false},"author":1,"featured_media":0,"parent":0,"menu_order":0,"comment_status":"closed","ping_status":"closed","template":"","meta":{"footnotes":""},"class_list":["post-75","page","type-page","status-publish","hentry"],"_links":{"self":[{"href":"https:\/\/view.fis.agh.edu.pl\/service\/kerma\/wp-json\/wp\/v2\/pages\/75","targetHints":{"allow":["GET"]}}],"collection":[{"href":"https:\/\/view.fis.agh.edu.pl\/service\/kerma\/wp-json\/wp\/v2\/pages"}],"about":[{"href":"https:\/\/view.fis.agh.edu.pl\/service\/kerma\/wp-json\/wp\/v2\/types\/page"}],"author":[{"embeddable":true,"href":"https:\/\/view.fis.agh.edu.pl\/service\/kerma\/wp-json\/wp\/v2\/users\/1"}],"replies":[{"embeddable":true,"href":"https:\/\/view.fis.agh.edu.pl\/service\/kerma\/wp-json\/wp\/v2\/comments?post=75"}],"version-history":[{"count":5,"href":"https:\/\/view.fis.agh.edu.pl\/service\/kerma\/wp-json\/wp\/v2\/pages\/75\/revisions"}],"predecessor-version":[{"id":127,"href":"https:\/\/view.fis.agh.edu.pl\/service\/kerma\/wp-json\/wp\/v2\/pages\/75\/revisions\/127"}],"wp:attachment":[{"href":"https:\/\/view.fis.agh.edu.pl\/service\/kerma\/wp-json\/wp\/v2\/media?parent=75"}],"curies":[{"name":"wp","href":"https:\/\/api.w.org\/{rel}","templated":true}]}}