{"id":11,"date":"2011-05-04T21:31:03","date_gmt":"2011-05-04T21:31:03","guid":{"rendered":"http:\/\/dev.wpjungle.pl\/fiis\/?page_id=11"},"modified":"2024-05-08T13:46:18","modified_gmt":"2024-05-08T11:46:18","slug":"chemia-z-elementami-ochrony-srodowiska","status":"publish","type":"page","link":"https:\/\/view.fis.agh.edu.pl\/service\/podyplomowe\/chemia-z-elementami-ochrony-srodowiska\/","title":{"rendered":"Chemia z elementami ochrony \u015brodowiska"},"content":{"rendered":"<h1>Chemia z elementami ochrony \u015brodowiska<\/h1>\n<p><strong>(studia dla nauczycieli)<\/strong><\/p>\n<p>&nbsp;<\/p>\n<p><strong>Charakterystyka studi\u00f3w:<\/strong><\/p>\n<p>Celem studi\u00f3w jest przygotowanie nauczycieli do nauczania chemii na poziomie szko\u0142y podstawowej, zawodowej i \u015bredniej\u00a0oraz rozszerzenie dotychczas posiadanej przez nich wiedzy przyrodniczej i informatycznej. Absolwent studi\u00f3w zostanie wyposa\u017cony w podstawow\u0105 wiedz\u0119 z zakresu metodyki nauczania chemii oraz zapozna si\u0119 z mo\u017cliwo\u015bciami wykorzystania narz\u0119dzi informatycznych do przygotowania i prowadzenia zaj\u0119\u0107 dydaktycznych. Uczestnicy studi\u00f3w zostan\u0105 przygotowani do organizacji pracowni chemicznej oraz wykorzystania do\u015bwiadcze\u0144 chemicznych w procesie nauczania.<\/p>\n<p>&nbsp;<\/p>\n<p><strong>Sylwetka absolwenta:<\/strong><\/p>\n<p>Studia te skierowane s\u0105 do absolwent\u00f3w szk\u00f3\u0142 wy\u017cszych \u00a0kierunk\u00f3w przyrodniczych, techniczno-informatycznych lub pokrewnych: czynnych nauczycieli lub os\u00f3b\u00a0 posiadaj\u0105cych przygotowanie pedagogiczne do nauczania w szkole. Studia te daj\u0105 uprawnienia do nauczania<\/p>\n<p>drugiego przedmiotu \u2013 chemii.<\/p>\n<table border=\"1\" width=\"719\" cellpadding=\"15\">\n<tbody>\n<tr>\n<td rowspan=\"2\" width=\"255\"><strong>PRZEDMIOT<\/strong><\/td>\n<td rowspan=\"2\" width=\"170\"><strong>PROWADZ\u0104CY<\/strong><\/td>\n<td rowspan=\"2\" width=\"75\"><strong>LICZBA GODZIN<\/strong><\/td>\n<td rowspan=\"2\" width=\"57\"><strong>ECTS<\/strong><\/td>\n<\/tr>\n<tr>\n<td width=\"255\"><strong> <big>Semestr 1<\/big><\/strong><\/td>\n<td width=\"170\"><\/td>\n<td width=\"75\"><\/td>\n<td width=\"57\"><\/td>\n<td width=\"0\" height=\"33\"><\/td>\n<\/tr>\n<tr>\n<td width=\"255\"><strong>Fizyczne podstawy chemii og\u00f3lnej (W\/S\/L)<\/strong><\/td>\n<td width=\"170\">dr Karolina Zazakowny<\/td>\n<td width=\"75\"><strong>26\/20\/4 E<\/strong><\/td>\n<td width=\"57\">18<\/td>\n<\/tr>\n<tr>\n<td width=\"255\"><strong>Chemia wok\u00f3\u0142 nas (W\/S\/L)<\/strong><\/td>\n<td width=\"170\">dr \u0141ukasz \u0141a\u0144cucki<\/td>\n<td width=\"75\"><strong>10\/6\/4 E<\/strong><\/td>\n<td width=\"57\">9<\/td>\n<\/tr>\n<tr>\n<td width=\"255\"><strong>Elementy informatyki (W\/L) <\/strong><\/td>\n<td width=\"170\">dr Gra\u017cyna Krupi\u0144ska<\/td>\n<td width=\"75\"><strong>5\/5<\/strong><\/td>\n<td width=\"57\">3<\/td>\n<\/tr>\n<tr>\n<td width=\"255\"><strong>Konsultacje <\/strong><\/td>\n<td width=\"170\">dr Karolina Zazakowny<\/td>\n<td width=\"75\"><strong>10<\/strong><\/td>\n<td width=\"57\"><\/td>\n<\/tr>\n<tr>\n<td width=\"255\"><strong> <big>Semestr 2<\/big><\/strong><\/td>\n<td width=\"170\"><\/td>\n<td width=\"75\"><\/td>\n<td width=\"57\"><\/td>\n<\/tr>\n<tr>\n<td width=\"255\"><strong>Elementy wsp\u00f3\u0142czesnej chemii nieorganicznej (W\/S\/L) <\/strong><\/td>\n<td width=\"170\">dr hab. Ewa Dro\u017cd\u017c<\/td>\n<td width=\"75\"><strong>16\/8\/6 E<\/strong><\/td>\n<td width=\"57\">10<\/td>\n<\/tr>\n<tr>\n<td width=\"255\"><strong>Obliczenia w chemii (S) <\/strong><\/td>\n<td width=\"170\">dr in\u017c. Maria Rajska<\/td>\n<td width=\"75\"><strong>16<\/strong><\/td>\n<td width=\"57\">6<\/td>\n<\/tr>\n<tr>\n<td width=\"255\"><strong>Pokazy do\u015bwiadczalne w chemii (L) <\/strong><\/td>\n<td width=\"170\">dr in\u017c. Maria Rajska<\/td>\n<td width=\"75\"><strong>16<\/strong><\/td>\n<td width=\"57\">3<\/td>\n<\/tr>\n<tr>\n<td width=\"255\"><strong>Wybrane zagadnienia z matematyki (W)<\/strong><\/td>\n<td width=\"170\">prof. Janusz Wolny<\/td>\n<td width=\"75\"><strong>8<\/strong><\/td>\n<td width=\"57\">3<\/td>\n<\/tr>\n<tr>\n<td width=\"255\"><strong>Wykorzystanie komputera w nauczaniu (W\/L) <\/strong><\/td>\n<td width=\"170\">dr in\u017c. Pawe\u0142 Janowski<\/td>\n<td width=\"75\"><strong>10\/10<\/strong><\/td>\n<td width=\"57\">5<\/td>\n<\/tr>\n<tr>\n<td width=\"255\"><strong>Wsp\u00f3\u0142czesne problemy pedagogiki i metodyki wych.<\/strong><\/td>\n<td width=\"170\">dr Anna Stoli\u0144ska<\/td>\n<td width=\"75\"><strong>10<\/strong><\/td>\n<td width=\"57\">3<\/td>\n<\/tr>\n<tr>\n<td width=\"255\"><strong>Konsultacje <\/strong><\/td>\n<td width=\"170\">dr Karolina Zazakowny<\/td>\n<td width=\"75\"><strong>10<\/strong><\/td>\n<td width=\"57\"><\/td>\n<\/tr>\n<tr>\n<td width=\"255\"><strong> <big>Semestr 3<\/big><\/strong><\/td>\n<td width=\"170\"><\/td>\n<td width=\"75\"><\/td>\n<td width=\"57\"><\/td>\n<\/tr>\n<tr>\n<td width=\"255\"><strong>Elementy wsp\u00f3\u0142czesnej chemii organicznej (W\/S\/L)<\/strong><\/td>\n<td width=\"170\">dr Karolina Zazakowny<\/td>\n<td width=\"75\"><strong>17\/5\/3 E<\/strong><\/td>\n<td width=\"57\">10<\/td>\n<\/tr>\n<tr>\n<td width=\"255\"><strong>Znaczenie chemii w naukach przyrodn. i techn. (W\/S\/L)<\/strong><\/td>\n<td width=\"170\">dr Karolina Zazakowny<\/td>\n<td width=\"75\"><strong>10\/4\/4 E<\/strong><\/td>\n<td width=\"57\">6<\/td>\n<\/tr>\n<tr>\n<td width=\"255\"><strong>Chemia a \u015brodowisko naturalne (W\/S) <\/strong><\/td>\n<td width=\"170\">dr \u0141ukasz \u0141a\u0144cucki<\/td>\n<td width=\"75\"><strong>15\/8 E<\/strong><\/td>\n<td width=\"57\">6<\/td>\n<\/tr>\n<tr>\n<td width=\"255\"><strong>Nauczanie chemii w szkole (W\/S)<\/strong><\/td>\n<td width=\"170\">dr Karolina Zazakowny<\/td>\n<td width=\"75\"><strong> 4\/5<\/strong><\/td>\n<td width=\"57\">5<\/td>\n<\/tr>\n<tr>\n<td width=\"255\"><strong>Aktualne problemy w o\u015bwiacie <\/strong><\/td>\n<td width=\"170\">prof. Janusz Wolny<\/td>\n<td width=\"75\"><strong>15<\/strong><\/td>\n<td width=\"57\">3<\/td>\n<\/tr>\n<tr>\n<td width=\"255\"><strong>Praca dyplomowa <\/strong><\/td>\n<td width=\"170\">Promotor<\/td>\n<td width=\"75\"><strong>35<\/strong><\/td>\n<td width=\"57\">10<\/td>\n<\/tr>\n<tr>\n<td width=\"255\"><strong>Praktyka<\/strong><\/td>\n<td width=\"170\">dr Anna Stoli\u0144ska<\/td>\n<td width=\"75\"><strong>60<\/strong><\/td>\n<td width=\"57\"><\/td>\n<\/tr>\n<tr>\n<td width=\"255\"><strong>Seminarium dyplomowe <\/strong><\/td>\n<td width=\"170\">dr Karolina Zazakowny<\/td>\n<td width=\"75\"><strong>15E<\/strong><\/td>\n<td width=\"57\">5<\/td>\n<\/tr>\n<tr>\n<td width=\"255\"><strong>Konsultacje<\/strong><\/td>\n<td width=\"170\">dr Karolina Zazakowny<\/td>\n<td width=\"75\"><strong>10<\/strong><\/td>\n<td width=\"57\"><\/td>\n<\/tr>\n<\/tbody>\n<\/table>\n","protected":false},"excerpt":{"rendered":"<p>Chemia z elementami ochrony \u015brodowiska (studia dla nauczycieli) &nbsp; Charakterystyka studi\u00f3w: Celem studi\u00f3w jest przygotowanie nauczycieli do nauczania chemii na poziomie szko\u0142y podstawowej, zawodowej i \u015bredniej\u00a0oraz rozszerzenie dotychczas posiadanej przez nich wiedzy przyrodniczej i informatycznej. Absolwent studi\u00f3w zostanie wyposa\u017cony w podstawow\u0105 wiedz\u0119 z zakresu metodyki nauczania chemii oraz zapozna si\u0119 z mo\u017cliwo\u015bciami wykorzystania narz\u0119dzi informatycznych [&hellip;]<\/p>\n","protected":false},"author":1,"featured_media":0,"parent":0,"menu_order":0,"comment_status":"open","ping_status":"closed","template":"","meta":{"footnotes":""},"_links":{"self":[{"href":"https:\/\/view.fis.agh.edu.pl\/service\/podyplomowe\/wp-json\/wp\/v2\/pages\/11"}],"collection":[{"href":"https:\/\/view.fis.agh.edu.pl\/service\/podyplomowe\/wp-json\/wp\/v2\/pages"}],"about":[{"href":"https:\/\/view.fis.agh.edu.pl\/service\/podyplomowe\/wp-json\/wp\/v2\/types\/page"}],"author":[{"embeddable":true,"href":"https:\/\/view.fis.agh.edu.pl\/service\/podyplomowe\/wp-json\/wp\/v2\/users\/1"}],"replies":[{"embeddable":true,"href":"https:\/\/view.fis.agh.edu.pl\/service\/podyplomowe\/wp-json\/wp\/v2\/comments?post=11"}],"version-history":[{"count":21,"href":"https:\/\/view.fis.agh.edu.pl\/service\/podyplomowe\/wp-json\/wp\/v2\/pages\/11\/revisions"}],"predecessor-version":[{"id":1877,"href":"https:\/\/view.fis.agh.edu.pl\/service\/podyplomowe\/wp-json\/wp\/v2\/pages\/11\/revisions\/1877"}],"wp:attachment":[{"href":"https:\/\/view.fis.agh.edu.pl\/service\/podyplomowe\/wp-json\/wp\/v2\/media?parent=11"}],"curies":[{"name":"wp","href":"https:\/\/api.w.org\/{rel}","templated":true}]}}