{"id":1432,"date":"2018-10-02T12:45:32","date_gmt":"2018-10-02T10:45:32","guid":{"rendered":"https:\/\/view.fis.agh.edu.pl\/service\/podyplomowe\/?page_id=1432"},"modified":"2019-05-27T23:10:12","modified_gmt":"2019-05-27T21:10:12","slug":"materialy-20182019","status":"publish","type":"page","link":"https:\/\/view.fis.agh.edu.pl\/service\/podyplomowe\/20182019-2\/materialy-20182019\/","title":{"rendered":"Materia\u0142y 2018\/2019"},"content":{"rendered":"<h2>Materia\u0142y do zaj\u0119\u0107 w roku akademickim 2018\/2019<\/h2>\n<p><a href=\"https:\/\/view.fis.agh.edu.pl\/service\/podyplomowe\/wp-content\/uploads\/2019\/05\/M_Turcza.zip\">Matria\u0142y do wyk\u0142adu Pani Marii Turczy<\/a><\/p>\n","protected":false},"excerpt":{"rendered":"<p>Materia\u0142y do zaj\u0119\u0107 w roku akademickim 2018\/2019 Matria\u0142y do wyk\u0142adu Pani Marii Turczy<\/p>\n","protected":false},"author":1,"featured_media":0,"parent":1422,"menu_order":0,"comment_status":"closed","ping_status":"closed","template":"","meta":{"footnotes":""},"_links":{"self":[{"href":"https:\/\/view.fis.agh.edu.pl\/service\/podyplomowe\/wp-json\/wp\/v2\/pages\/1432"}],"collection":[{"href":"https:\/\/view.fis.agh.edu.pl\/service\/podyplomowe\/wp-json\/wp\/v2\/pages"}],"about":[{"href":"https:\/\/view.fis.agh.edu.pl\/service\/podyplomowe\/wp-json\/wp\/v2\/types\/page"}],"author":[{"embeddable":true,"href":"https:\/\/view.fis.agh.edu.pl\/service\/podyplomowe\/wp-json\/wp\/v2\/users\/1"}],"replies":[{"embeddable":true,"href":"https:\/\/view.fis.agh.edu.pl\/service\/podyplomowe\/wp-json\/wp\/v2\/comments?post=1432"}],"version-history":[{"count":3,"href":"https:\/\/view.fis.agh.edu.pl\/service\/podyplomowe\/wp-json\/wp\/v2\/pages\/1432\/revisions"}],"predecessor-version":[{"id":1524,"href":"https:\/\/view.fis.agh.edu.pl\/service\/podyplomowe\/wp-json\/wp\/v2\/pages\/1432\/revisions\/1524"}],"up":[{"embeddable":true,"href":"https:\/\/view.fis.agh.edu.pl\/service\/podyplomowe\/wp-json\/wp\/v2\/pages\/1422"}],"wp:attachment":[{"href":"https:\/\/view.fis.agh.edu.pl\/service\/podyplomowe\/wp-json\/wp\/v2\/media?parent=1432"}],"curies":[{"name":"wp","href":"https:\/\/api.w.org\/{rel}","templated":true}]}}