{"id":1552,"date":"2019-10-23T00:55:06","date_gmt":"2019-10-22T22:55:06","guid":{"rendered":"https:\/\/view.fis.agh.edu.pl\/service\/podyplomowe\/?page_id=1552"},"modified":"2020-05-09T20:59:01","modified_gmt":"2020-05-09T18:59:01","slug":"1552-2","status":"publish","type":"page","link":"https:\/\/view.fis.agh.edu.pl\/service\/podyplomowe\/20192020-2\/1552-2\/","title":{"rendered":"Harmonogramy 2019\/2020"},"content":{"rendered":"<h3>Poni\u017cej znajduj\u0105 si\u0119 harmonogramy zaj\u0119\u0107 w roku 2019\/2020 dla poszczeg\u00f3lnych kierunk\u00f3w:<\/h3>\n<p>&nbsp;<\/p>\n<ul>\n<li>Fizyka z elementami informatyki\u00a0 <a href=\"https:\/\/view.fis.agh.edu.pl\/service\/podyplomowe\/wp-content\/uploads\/2019\/10\/PLAN1-fizyka_1.pdf\">semestr 1, <\/a><a href=\"https:\/\/view.fis.agh.edu.pl\/service\/podyplomowe\/wp-content\/uploads\/2020\/01\/PLAN2-fizyka_.pdf\">semestr 2,<\/a><a href=\"https:\/\/view.fis.agh.edu.pl\/service\/podyplomowe\/wp-content\/uploads\/2020\/03\/PLAN3-fizyka.pdf\"> semestr 3<\/a><\/li>\n<li>Matematyka z elementami informatyki <a href=\"https:\/\/view.fis.agh.edu.pl\/service\/podyplomowe\/wp-content\/uploads\/2019\/10\/PLAN1-matematyka_1.pdf\">semestr 1<\/a>, <a href=\"https:\/\/view.fis.agh.edu.pl\/service\/podyplomowe\/wp-content\/uploads\/2020\/01\/PLAN2_3-matemayka.pdf\">semestr 2<\/a>, <a href=\"https:\/\/view.fis.agh.edu.pl\/service\/podyplomowe\/wp-content\/uploads\/2020\/05\/PLAN3-matematyka_.pdf\">semestr 3<\/a><\/li>\n<li>Chemia z elementami ochrony \u015brodowiska <a href=\"https:\/\/view.fis.agh.edu.pl\/service\/podyplomowe\/wp-content\/uploads\/2019\/10\/SP2019_20_Plan_zajec_sem_1a_1.pdf\">semestr 1<\/a>, <a href=\"https:\/\/view.fis.agh.edu.pl\/service\/podyplomowe\/wp-content\/uploads\/2020\/01\/chemia_Plan_zajec_sem_2.pdf\">semestr 2<\/a>, <a href=\"https:\/\/view.fis.agh.edu.pl\/service\/podyplomowe\/wp-content\/uploads\/2020\/03\/SP2019_20_Plan-zajec_sem_3.pdf\">semestr 3<\/a><\/li>\n<li>Informatyka w szkole <a href=\"https:\/\/view.fis.agh.edu.pl\/service\/podyplomowe\/wp-content\/uploads\/2020\/01\/plan_1_grupa_new.pdf\">plan zaj\u0119\u0107<\/a><\/li>\n<\/ul>\n","protected":false},"excerpt":{"rendered":"<p>Poni\u017cej znajduj\u0105 si\u0119 harmonogramy zaj\u0119\u0107 w roku 2019\/2020 dla poszczeg\u00f3lnych kierunk\u00f3w: &nbsp; Fizyka z elementami informatyki\u00a0 semestr 1, semestr 2, semestr 3 Matematyka z elementami informatyki semestr 1, semestr 2, semestr 3 Chemia z elementami ochrony \u015brodowiska semestr 1, semestr 2, semestr 3 Informatyka w szkole plan zaj\u0119\u0107<\/p>\n","protected":false},"author":1,"featured_media":0,"parent":1548,"menu_order":0,"comment_status":"closed","ping_status":"closed","template":"","meta":{"footnotes":""},"_links":{"self":[{"href":"https:\/\/view.fis.agh.edu.pl\/service\/podyplomowe\/wp-json\/wp\/v2\/pages\/1552"}],"collection":[{"href":"https:\/\/view.fis.agh.edu.pl\/service\/podyplomowe\/wp-json\/wp\/v2\/pages"}],"about":[{"href":"https:\/\/view.fis.agh.edu.pl\/service\/podyplomowe\/wp-json\/wp\/v2\/types\/page"}],"author":[{"embeddable":true,"href":"https:\/\/view.fis.agh.edu.pl\/service\/podyplomowe\/wp-json\/wp\/v2\/users\/1"}],"replies":[{"embeddable":true,"href":"https:\/\/view.fis.agh.edu.pl\/service\/podyplomowe\/wp-json\/wp\/v2\/comments?post=1552"}],"version-history":[{"count":21,"href":"https:\/\/view.fis.agh.edu.pl\/service\/podyplomowe\/wp-json\/wp\/v2\/pages\/1552\/revisions"}],"predecessor-version":[{"id":1657,"href":"https:\/\/view.fis.agh.edu.pl\/service\/podyplomowe\/wp-json\/wp\/v2\/pages\/1552\/revisions\/1657"}],"up":[{"embeddable":true,"href":"https:\/\/view.fis.agh.edu.pl\/service\/podyplomowe\/wp-json\/wp\/v2\/pages\/1548"}],"wp:attachment":[{"href":"https:\/\/view.fis.agh.edu.pl\/service\/podyplomowe\/wp-json\/wp\/v2\/media?parent=1552"}],"curies":[{"name":"wp","href":"https:\/\/api.w.org\/{rel}","templated":true}]}}