{"id":1579,"date":"2020-01-02T12:31:02","date_gmt":"2020-01-02T11:31:02","guid":{"rendered":"https:\/\/view.fis.agh.edu.pl\/service\/podyplomowe\/?page_id=1579"},"modified":"2020-11-16T11:47:15","modified_gmt":"2020-11-16T10:47:15","slug":"materialz-2019-2020","status":"publish","type":"page","link":"https:\/\/view.fis.agh.edu.pl\/service\/podyplomowe\/20192020-2\/materialz-2019-2020\/","title":{"rendered":"Materia\u0142y 2019\/2020"},"content":{"rendered":"<h2>Materia\u0142y do zaj\u0119\u0107 w roku akademickim 2019\/2020<\/h2>\n<p>Materia\u0142y do zaj\u0119\u0107 prof Zbigniewa K\u0105kola<span style=\"color: #000000;\"> &#8211; &#8220;Wykorzystanie komputera w nauczaniu&#8221;<\/span>:<\/p>\n<ul>\n<li><a href=\"https:\/\/view.fis.agh.edu.pl\/service\/podyplomowe\/wp-content\/uploads\/2020\/05\/Materialy_studia_podyplomowe_2020.pdf\">Przewodnik<\/a><\/li>\n<li><a href=\"https:\/\/view.fis.agh.edu.pl\/service\/podyplomowe\/wp-content\/uploads\/2020\/05\/1.zip\">Temat 1<\/a><\/li>\n<li><a href=\"https:\/\/view.fis.agh.edu.pl\/service\/podyplomowe\/wp-content\/uploads\/2020\/05\/2.zip\">Temat 2<\/a><\/li>\n<li><a href=\"https:\/\/view.fis.agh.edu.pl\/service\/podyplomowe\/wp-content\/uploads\/2020\/05\/3.zip\">Temat 3<\/a><\/li>\n<li><a href=\"https:\/\/view.fis.agh.edu.pl\/service\/podyplomowe\/wp-content\/uploads\/2020\/05\/5.zip\">Temat 5<\/a><\/li>\n<li><a href=\"https:\/\/view.fis.agh.edu.pl\/service\/podyplomowe\/wp-content\/uploads\/2020\/05\/6.zip\">Temat 6<\/a><\/li>\n<\/ul>\n<p>Materia\u0142y do zaj\u0119\u0107 mgr\u00a0Marcina Mi\u0142kowskiego\u00a0 &#8211;\u00a0 &#8220;Prawo o\u015bwiatowe&#8221;<\/p>\n<ul>\n<li><a href=\"https:\/\/view.fis.agh.edu.pl\/service\/podyplomowe\/wp-content\/uploads\/2020\/05\/1-zmiany-w-przepisach.pdf\">Wyk\u0142ad 1<\/a><\/li>\n<li><a href=\"https:\/\/view.fis.agh.edu.pl\/service\/podyplomowe\/wp-content\/uploads\/2020\/05\/2-rada-pedagogiczna.pdf\">Wyk\u0142ad 2<\/a><\/li>\n<li><a href=\"https:\/\/view.fis.agh.edu.pl\/service\/podyplomowe\/wp-content\/uploads\/2020\/05\/3-ocena-nauczyciela.pdf\">Wyk\u0142ad 3<\/a><\/li>\n<li><a href=\"https:\/\/view.fis.agh.edu.pl\/service\/podyplomowe\/wp-content\/uploads\/2020\/05\/4-czasowe-ograniczenia.pdf\">Wyk\u0142ad 4<\/a><\/li>\n<\/ul>\n<p>Materia\u0142y do zaj\u0119\u0107 dr Marii Krystyny Szmigel &#8211; &#8220;Zewn\u0119trzne systemy egzaminacyjne w Polsce i wykorzystanie egzamin\u00f3w dla doskonalenia jako\u015bci kszta\u0142cenia&#8221;<\/p>\n<ul>\n<li><a href=\"https:\/\/view.fis.agh.edu.pl\/service\/podyplomowe\/wp-content\/uploads\/2020\/05\/AGH_materia\u0142y-wyk\u0142.-M.K.Szmigel.pdf\">Materia\u0142y do wyk\u0142ad\u00f3w<\/a><\/li>\n<li><a href=\"https:\/\/view.fis.agh.edu.pl\/service\/podyplomowe\/wp-content\/uploads\/2020\/05\/Edukacja_w_czasach_pandemii.pdf\">Edukacja w czasach pandemii<\/a><\/li>\n<\/ul>\n<p>Materia\u0142y do zaj\u0119\u0107 mgr Marii Turczy &#8211; &#8220;Psychologiczne aspekty pracy dydaktycznej \u00a0i wychowawczej nauczyciela&#8221;<\/p>\n<ul>\n<li><a href=\"https:\/\/view.fis.agh.edu.pl\/service\/podyplomowe\/wp-content\/uploads\/2020\/05\/Wprowadzenie-1.pdf\">Wprowadzenie<\/a><\/li>\n<li><a href=\"https:\/\/view.fis.agh.edu.pl\/service\/podyplomowe\/wp-content\/uploads\/2020\/05\/ZZZZ_Materia\u0142y-podyplomowi-psychologia.zip\">Materia\u0142y<\/a><\/li>\n<\/ul>\n<p>Materia\u0142y do zaj\u0119\u0107 dr. Antoniego Rumi\u0144skiego &#8211; <span style=\"font-family: Segoe UI Symbol;\">&#8220;Wsp\u00f3\u0142czesne\u00a0 problemy pedagogiki i metodyki wychowania&#8221;<\/span><\/p>\n<ul>\n<li><span style=\"font-family: Segoe UI Symbol;\"><a href=\"https:\/\/view.fis.agh.edu.pl\/service\/podyplomowe\/wp-content\/uploads\/2020\/05\/Materia\u0142y-cz1.zip\">Materia\u0142y cz.1<\/a><\/span><\/li>\n<li><span style=\"font-family: Segoe UI Symbol;\"><a href=\"https:\/\/view.fis.agh.edu.pl\/service\/podyplomowe\/wp-content\/uploads\/2020\/05\/Materia\u0142y-cz2.zip\">Materia\u0142y cz.2<\/a><br \/>\n<\/span><\/li>\n<\/ul>\n<p><span style=\"font-family: Segoe UI Symbol;\"><br \/>\n<\/span><\/p>\n","protected":false},"excerpt":{"rendered":"<p>Materia\u0142y do zaj\u0119\u0107 w roku akademickim 2019\/2020 Materia\u0142y do zaj\u0119\u0107 prof Zbigniewa K\u0105kola &#8211; &#8220;Wykorzystanie komputera w nauczaniu&#8221;: Przewodnik Temat 1 Temat 2 Temat 3 Temat 5 Temat 6 Materia\u0142y do zaj\u0119\u0107 mgr\u00a0Marcina Mi\u0142kowskiego\u00a0 &#8211;\u00a0 &#8220;Prawo o\u015bwiatowe&#8221; Wyk\u0142ad 1 Wyk\u0142ad 2 Wyk\u0142ad 3 Wyk\u0142ad 4 Materia\u0142y do zaj\u0119\u0107 dr Marii Krystyny Szmigel &#8211; &#8220;Zewn\u0119trzne systemy [&hellip;]<\/p>\n","protected":false},"author":1,"featured_media":0,"parent":1548,"menu_order":0,"comment_status":"closed","ping_status":"closed","template":"","meta":{"footnotes":""},"_links":{"self":[{"href":"https:\/\/view.fis.agh.edu.pl\/service\/podyplomowe\/wp-json\/wp\/v2\/pages\/1579"}],"collection":[{"href":"https:\/\/view.fis.agh.edu.pl\/service\/podyplomowe\/wp-json\/wp\/v2\/pages"}],"about":[{"href":"https:\/\/view.fis.agh.edu.pl\/service\/podyplomowe\/wp-json\/wp\/v2\/types\/page"}],"author":[{"embeddable":true,"href":"https:\/\/view.fis.agh.edu.pl\/service\/podyplomowe\/wp-json\/wp\/v2\/users\/1"}],"replies":[{"embeddable":true,"href":"https:\/\/view.fis.agh.edu.pl\/service\/podyplomowe\/wp-json\/wp\/v2\/comments?post=1579"}],"version-history":[{"count":19,"href":"https:\/\/view.fis.agh.edu.pl\/service\/podyplomowe\/wp-json\/wp\/v2\/pages\/1579\/revisions"}],"predecessor-version":[{"id":1707,"href":"https:\/\/view.fis.agh.edu.pl\/service\/podyplomowe\/wp-json\/wp\/v2\/pages\/1579\/revisions\/1707"}],"up":[{"embeddable":true,"href":"https:\/\/view.fis.agh.edu.pl\/service\/podyplomowe\/wp-json\/wp\/v2\/pages\/1548"}],"wp:attachment":[{"href":"https:\/\/view.fis.agh.edu.pl\/service\/podyplomowe\/wp-json\/wp\/v2\/media?parent=1579"}],"curies":[{"name":"wp","href":"https:\/\/api.w.org\/{rel}","templated":true}]}}