{"id":17,"date":"2011-05-04T21:43:31","date_gmt":"2011-05-04T21:43:31","guid":{"rendered":"http:\/\/dev.wpjungle.pl\/fiis\/?page_id=17"},"modified":"2022-06-07T13:05:25","modified_gmt":"2022-06-07T11:05:25","slug":"materialy-do-pobrania","status":"publish","type":"page","link":"https:\/\/view.fis.agh.edu.pl\/service\/podyplomowe\/materialy-do-pobrania\/","title":{"rendered":"Materia\u0142y do pobrania"},"content":{"rendered":"<h1>Dokumenty do pobrania<\/h1>\n<ul>\n<li><a href=\"https:\/\/view.fis.agh.edu.pl\/service\/podyplomowe\/wp-content\/uploads\/2022\/06\/Formularz_zgloszeniowy.docx\">Formularz zg\u0142oszeniowy (DOC)<\/a><\/li>\n<li><a href=\"https:\/\/view.fis.agh.edu.pl\/service\/podyplomowe\/wp-content\/uploads\/2011\/09\/podanie.doc\">Podanie (DOC)<\/a><\/li>\n<li><a href=\"https:\/\/view.fis.agh.edu.pl\/service\/podyplomowe\/wp-content\/uploads\/2014\/10\/1str_pracy_koncowej.doc\">Wz\u00f3r strony tytu\u0142owej pracy ko\u0144cowej (DOC)<\/a><\/li>\n<li><a href=\"https:\/\/view.fis.agh.edu.pl\/service\/podyplomowe\/wp-content\/uploads\/2021\/02\/Podanie__\u015bwiadectwa-2019_20_podanie.doc\">Wz\u00f3r podania o przes\u0142anie \u015bwiadectwa poczt\u0105 (DOC)<\/a><\/li>\n<\/ul>\n","protected":false},"excerpt":{"rendered":"<p>Dokumenty do pobrania Formularz zg\u0142oszeniowy (DOC) Podanie (DOC) Wz\u00f3r strony tytu\u0142owej pracy ko\u0144cowej (DOC) Wz\u00f3r podania o przes\u0142anie \u015bwiadectwa poczt\u0105 (DOC)<\/p>\n","protected":false},"author":1,"featured_media":0,"parent":0,"menu_order":0,"comment_status":"open","ping_status":"closed","template":"","meta":{"footnotes":""},"_links":{"self":[{"href":"https:\/\/view.fis.agh.edu.pl\/service\/podyplomowe\/wp-json\/wp\/v2\/pages\/17"}],"collection":[{"href":"https:\/\/view.fis.agh.edu.pl\/service\/podyplomowe\/wp-json\/wp\/v2\/pages"}],"about":[{"href":"https:\/\/view.fis.agh.edu.pl\/service\/podyplomowe\/wp-json\/wp\/v2\/types\/page"}],"author":[{"embeddable":true,"href":"https:\/\/view.fis.agh.edu.pl\/service\/podyplomowe\/wp-json\/wp\/v2\/users\/1"}],"replies":[{"embeddable":true,"href":"https:\/\/view.fis.agh.edu.pl\/service\/podyplomowe\/wp-json\/wp\/v2\/comments?post=17"}],"version-history":[{"count":23,"href":"https:\/\/view.fis.agh.edu.pl\/service\/podyplomowe\/wp-json\/wp\/v2\/pages\/17\/revisions"}],"predecessor-version":[{"id":146,"href":"https:\/\/view.fis.agh.edu.pl\/service\/podyplomowe\/wp-json\/wp\/v2\/pages\/17\/revisions\/146"}],"wp:attachment":[{"href":"https:\/\/view.fis.agh.edu.pl\/service\/podyplomowe\/wp-json\/wp\/v2\/media?parent=17"}],"curies":[{"name":"wp","href":"https:\/\/api.w.org\/{rel}","templated":true}]}}