{"id":1760,"date":"2021-08-05T08:35:11","date_gmt":"2021-08-05T06:35:11","guid":{"rendered":"https:\/\/view.fis.agh.edu.pl\/service\/podyplomowe\/?page_id=1760"},"modified":"2022-06-07T12:25:36","modified_gmt":"2022-06-07T10:25:36","slug":"oplaty","status":"publish","type":"page","link":"https:\/\/view.fis.agh.edu.pl\/service\/podyplomowe\/oplaty\/","title":{"rendered":"Op\u0142aty"},"content":{"rendered":"<p><strong><span style=\"text-decoration: underline;\">Op\u0142aty:<\/span><\/strong><span style=\"text-decoration: underline;\"> <\/span><\/p>\n<p><strong>4 500 z\u0142<\/strong> \u2013 p\u0142atne w ratach:<\/p>\n<p><strong>I semestr<\/strong> \u2013 1 500z\u0142\u00a0 (1 400 z\u0142 +100 z\u0142 \/ wpisowe),<\/p>\n<p><strong>II semestr<\/strong> \u2013 1\u00a0500 z\u0142,<\/p>\n<p><strong>III semestr<\/strong> \u2013 1 500 z\u0142.<\/p>\n<p>*po\u015bwiadczenie wniesienia op\u0142aty za studia podyplomowe za ka\u017cdy semestr studi\u00f3w, nale\u017cy dostarczy\u0107 do dziekanatu (w formie mailowej lub papierowej) nie p\u00f3\u017aniej ni\u017c\u00a0 w terminie 14 dni po rozpocz\u0119ciem zaj\u0119\u0107 dydaktycznych w danym semestrze.<\/p>\n","protected":false},"excerpt":{"rendered":"<p>Op\u0142aty: 4 500 z\u0142 \u2013 p\u0142atne w ratach: I semestr \u2013 1 500z\u0142\u00a0 (1 400 z\u0142 +100 z\u0142 \/ wpisowe), II semestr \u2013 1\u00a0500 z\u0142, III semestr \u2013 1 500 z\u0142. *po\u015bwiadczenie wniesienia op\u0142aty za studia podyplomowe za ka\u017cdy semestr studi\u00f3w, nale\u017cy dostarczy\u0107 do dziekanatu (w formie mailowej lub papierowej) nie p\u00f3\u017aniej ni\u017c\u00a0 w terminie [&hellip;]<\/p>\n","protected":false},"author":1,"featured_media":0,"parent":0,"menu_order":0,"comment_status":"closed","ping_status":"closed","template":"","meta":{"footnotes":""},"_links":{"self":[{"href":"https:\/\/view.fis.agh.edu.pl\/service\/podyplomowe\/wp-json\/wp\/v2\/pages\/1760"}],"collection":[{"href":"https:\/\/view.fis.agh.edu.pl\/service\/podyplomowe\/wp-json\/wp\/v2\/pages"}],"about":[{"href":"https:\/\/view.fis.agh.edu.pl\/service\/podyplomowe\/wp-json\/wp\/v2\/types\/page"}],"author":[{"embeddable":true,"href":"https:\/\/view.fis.agh.edu.pl\/service\/podyplomowe\/wp-json\/wp\/v2\/users\/1"}],"replies":[{"embeddable":true,"href":"https:\/\/view.fis.agh.edu.pl\/service\/podyplomowe\/wp-json\/wp\/v2\/comments?post=1760"}],"version-history":[{"count":2,"href":"https:\/\/view.fis.agh.edu.pl\/service\/podyplomowe\/wp-json\/wp\/v2\/pages\/1760\/revisions"}],"predecessor-version":[{"id":1789,"href":"https:\/\/view.fis.agh.edu.pl\/service\/podyplomowe\/wp-json\/wp\/v2\/pages\/1760\/revisions\/1789"}],"wp:attachment":[{"href":"https:\/\/view.fis.agh.edu.pl\/service\/podyplomowe\/wp-json\/wp\/v2\/media?parent=1760"}],"curies":[{"name":"wp","href":"https:\/\/api.w.org\/{rel}","templated":true}]}}