{"id":192,"date":"2011-09-30T16:18:10","date_gmt":"2011-09-30T14:18:10","guid":{"rendered":"https:\/\/view.fis.agh.edu.pl\/service\/podyplomowe\/?page_id=192"},"modified":"2013-10-28T15:47:10","modified_gmt":"2013-10-28T14:47:10","slug":"dojazd","status":"publish","type":"page","link":"https:\/\/view.fis.agh.edu.pl\/service\/podyplomowe\/dojazd\/","title":{"rendered":"Dojazd"},"content":{"rendered":"<h2>Wskaz\u00f3wki dojazdu<\/h2>\n<p><strong>Z dworca PKP:<\/strong><\/p>\n<p>&#8211; autobus: 208 &#8211; wysi\u0105\u015b\u0107 na przystanku &#8220;Kawiory<\/p>\n<p>&#8211; tramwaje: 4,14,24 &#8211; wysi\u0105\u015b\u0107 na przystanku &#8220;Biprostal&#8221;. Z przystanu nale\u017cy doj\u015b\u0107 600m al. Kijowsk\u0105 w kierunku po\u0142udniowym.<\/p>\n<p>&nbsp;<\/p>\n<p>Mapa AGH z naniesionym po\u0142o\u017ceniem WFiIS<\/p>\n<p><a href=\"http:\/\/www.agh.edu.pl\/fileadmin\/default\/templates\/images\/uczelnia\/mapa\/2013_07\/17_07_13_mapka_terenow_agh.pdf\"><img loading=\"lazy\" decoding=\"async\" class=\"alignnone size-medium wp-image-197\" title=\"Plan AGH\" src=\"https:\/\/view.fis.agh.edu.pl\/service\/podyplomowe\/wp-content\/uploads\/2011\/09\/Plan-AGH1-300x121.jpg\" alt=\"\" width=\"356\" height=\"143\" srcset=\"https:\/\/view.fis.agh.edu.pl\/service\/podyplomowe\/wp-content\/uploads\/2011\/09\/Plan-AGH1-300x121.jpg 300w, https:\/\/view.fis.agh.edu.pl\/service\/podyplomowe\/wp-content\/uploads\/2011\/09\/Plan-AGH1.jpg 926w\" sizes=\"(max-width: 356px) 100vw, 356px\" \/><\/a><\/p>\n","protected":false},"excerpt":{"rendered":"<p>Wskaz\u00f3wki dojazdu Z dworca PKP: &#8211; autobus: 208 &#8211; wysi\u0105\u015b\u0107 na przystanku &#8220;Kawiory &#8211; tramwaje: 4,14,24 &#8211; wysi\u0105\u015b\u0107 na przystanku &#8220;Biprostal&#8221;. Z przystanu nale\u017cy doj\u015b\u0107 600m al. Kijowsk\u0105 w kierunku po\u0142udniowym. &nbsp; Mapa AGH z naniesionym po\u0142o\u017ceniem WFiIS<\/p>\n","protected":false},"author":1,"featured_media":0,"parent":0,"menu_order":0,"comment_status":"open","ping_status":"open","template":"","meta":{"footnotes":""},"_links":{"self":[{"href":"https:\/\/view.fis.agh.edu.pl\/service\/podyplomowe\/wp-json\/wp\/v2\/pages\/192"}],"collection":[{"href":"https:\/\/view.fis.agh.edu.pl\/service\/podyplomowe\/wp-json\/wp\/v2\/pages"}],"about":[{"href":"https:\/\/view.fis.agh.edu.pl\/service\/podyplomowe\/wp-json\/wp\/v2\/types\/page"}],"author":[{"embeddable":true,"href":"https:\/\/view.fis.agh.edu.pl\/service\/podyplomowe\/wp-json\/wp\/v2\/users\/1"}],"replies":[{"embeddable":true,"href":"https:\/\/view.fis.agh.edu.pl\/service\/podyplomowe\/wp-json\/wp\/v2\/comments?post=192"}],"version-history":[{"count":9,"href":"https:\/\/view.fis.agh.edu.pl\/service\/podyplomowe\/wp-json\/wp\/v2\/pages\/192\/revisions"}],"predecessor-version":[{"id":194,"href":"https:\/\/view.fis.agh.edu.pl\/service\/podyplomowe\/wp-json\/wp\/v2\/pages\/192\/revisions\/194"}],"wp:attachment":[{"href":"https:\/\/view.fis.agh.edu.pl\/service\/podyplomowe\/wp-json\/wp\/v2\/media?parent=192"}],"curies":[{"name":"wp","href":"https:\/\/api.w.org\/{rel}","templated":true}]}}