{"id":243,"date":"2011-10-18T14:42:23","date_gmt":"2011-10-18T12:42:23","guid":{"rendered":"https:\/\/view.fis.agh.edu.pl\/service\/podyplomowe\/?page_id=243"},"modified":"2013-04-19T19:24:17","modified_gmt":"2013-04-19T17:24:17","slug":"harmonogram-informatyka","status":"publish","type":"page","link":"https:\/\/view.fis.agh.edu.pl\/service\/podyplomowe\/2012-3\/harmonogramy-20112012\/harmonogram-informatyka\/","title":{"rendered":"Harmonogram &#8211; Informatyka"},"content":{"rendered":"<h2>Informatyka w szkole &#8211; harmonogramy zaj\u0119\u0107  :<\/h2>\n<ul>\n<li><a href=\"https:\/\/view.fis.agh.edu.pl\/service\/podyplomowe\/wp-content\/uploads\/2013\/03\/plan_2_grupy_new.pdf\">plan zaj\u0119\u0107 <\/a><span style=\"color: red;\"><span style=\"font-size: big;\"><br \/>\nZMIANA TERMINU ZAJ\u0118\u0106 Z GRAFIKI KOMPUTEROWEJ<br \/>\nzaj\u0119cia z 26 i 27 kwietnia przeniesione na 12 i 13 kwietnia<\/span><\/span><\/li>\n<li><span style=\"color: red;\"><span style=\"font-size: big;\"><a href=\"https:\/\/view.fis.agh.edu.pl\/service\/podyplomowe\/wp-content\/uploads\/2013\/04\/zaj_wspolne.pdf\">plan zaj\u0119\u0107 wsp\u00f3lnych (zjazdy XVI, XVII, XVIII)<\/a><br \/>\n<\/span><\/span><\/li>\n<p><!--\n\t\n\n<li><a href=\"https:\/\/view.fis.agh.edu.pl\/service\/podyplomowe\/wp-content\/uploads\/2011\/11\/trymestr_1.pdf\" _mce_href=\"https:\/\/view.fis.agh.edu.pl\/service\/podyplomowe\/wp-content\/uploads\/2011\/11\/trymestr_1.pdf\">pierwszy trymestr<\/a><\/li>\n\n\n\t\n\n<li><a href=\"https:\/\/view.fis.agh.edu.pl\/service\/podyplomowe\/wp-content\/uploads\/2012\/01\/trymestr_2.pdf\" _mce_href=\"https:\/\/view.fis.agh.edu.pl\/service\/podyplomowe\/wp-content\/uploads\/2012\/01\/trymestr_2.pdf\">drugi trymestr<\/a><\/li>\n\n\n\t\n\n<li><a href=\"https:\/\/view.fis.agh.edu.pl\/service\/podyplomowe\/wp-content\/uploads\/2011\/12\/trymestr_3.pdf\" _mce_href=\"https:\/\/view.fis.agh.edu.pl\/service\/podyplomowe\/wp-content\/uploads\/2011\/12\/trymestr_3.pdf\">trzeci trymestr<\/a><\/li>\n\n\n\t\n\n<li><a href=\"https:\/\/view.fis.agh.edu.pl\/service\/podyplomowe\/wp-content\/uploads\/2012\/03\/PLAN3-wspolne.pdf\" _mce_href=\"https:\/\/view.fis.agh.edu.pl\/service\/podyplomowe\/wp-content\/uploads\/2012\/03\/PLAN3-wspolne.pdf\"><span style=\"color: red;\" _mce_style=\"color: red;\"><span style=\"font-size: x-small;\" _mce_style=\"font-size: x-small;\">PLAN ZAJ\u0118\u0106 WSP\u00d3LNYCH<\/span><\/span><\/a><\/li>\n\n\n\t\n\n<li><a href=\"https:\/\/view.fis.agh.edu.pl\/service\/podyplomowe\/wp-content\/uploads\/2012\/09\/plan.pdf\" _mce_href=\"https:\/\/view.fis.agh.edu.pl\/service\/podyplomowe\/wp-content\/uploads\/2012\/09\/plan.pdf\">plan zaj\u0119\u0107 <\/a><\/li>\n\n\n\t\n\n<li><a href=\"https:\/\/view.fis.agh.edu.pl\/service\/podyplomowe\/wp-content\/uploads\/2012\/01\/kartaegz.pdf\" _mce_href=\"https:\/\/view.fis.agh.edu.pl\/service\/podyplomowe\/wp-content\/uploads\/2012\/01\/kartaegz.pdf\"> wz\u00f3r karty egzaminacyjnej i zapisu w indeksie <\/a><\/li>\n\n\n\t\n\n<li><a href=\"https:\/\/view.fis.agh.edu.pl\/service\/podyplomowe\/wp-content\/uploads\/2011\/11\/1str_pracy_koncowej.doc\" _mce_href=\"https:\/\/view.fis.agh.edu.pl\/service\/podyplomowe\/wp-content\/uploads\/2011\/11\/1str_pracy_koncowej.doc\"> pierwsze strony pracy dyplomowej<\/a><\/li>\n\n\n\t\n\n<li><span style=\"color: red;\" _mce_style=\"color: red;\"><span style=\"font-size: big;\" _mce_style=\"font-size: big;\">OBRONY - 6 LIPCA (PI\u0104TEK)\u00a0 SALA 321 - <a href=\"https:\/\/view.fis.agh.edu.pl\/service\/podyplomowe\/wp-content\/uploads\/2012\/07\/LISTA_obrony_nazwiska_sort.pdf\" _mce_href=\"https:\/\/view.fis.agh.edu.pl\/service\/podyplomowe\/wp-content\/uploads\/2012\/07\/LISTA_obrony_nazwiska_sort.pdf\"> PLAN<\/a><\/span><\/span><\/li>\n\n\n--><\/ul>\n<p>&nbsp;<\/p>\n","protected":false},"excerpt":{"rendered":"<p>Informatyka w szkole &#8211; harmonogramy zaj\u0119\u0107 : plan zaj\u0119\u0107 ZMIANA TERMINU ZAJ\u0118\u0106 Z GRAFIKI KOMPUTEROWEJ zaj\u0119cia z 26 i 27 kwietnia przeniesione na 12 i 13 kwietnia plan zaj\u0119\u0107 wsp\u00f3lnych (zjazdy XVI, XVII, XVIII) &nbsp;<\/p>\n","protected":false},"author":1,"featured_media":0,"parent":34,"menu_order":0,"comment_status":"closed","ping_status":"closed","template":"","meta":{"footnotes":""},"_links":{"self":[{"href":"https:\/\/view.fis.agh.edu.pl\/service\/podyplomowe\/wp-json\/wp\/v2\/pages\/243"}],"collection":[{"href":"https:\/\/view.fis.agh.edu.pl\/service\/podyplomowe\/wp-json\/wp\/v2\/pages"}],"about":[{"href":"https:\/\/view.fis.agh.edu.pl\/service\/podyplomowe\/wp-json\/wp\/v2\/types\/page"}],"author":[{"embeddable":true,"href":"https:\/\/view.fis.agh.edu.pl\/service\/podyplomowe\/wp-json\/wp\/v2\/users\/1"}],"replies":[{"embeddable":true,"href":"https:\/\/view.fis.agh.edu.pl\/service\/podyplomowe\/wp-json\/wp\/v2\/comments?post=243"}],"version-history":[{"count":48,"href":"https:\/\/view.fis.agh.edu.pl\/service\/podyplomowe\/wp-json\/wp\/v2\/pages\/243\/revisions"}],"predecessor-version":[{"id":249,"href":"https:\/\/view.fis.agh.edu.pl\/service\/podyplomowe\/wp-json\/wp\/v2\/pages\/243\/revisions\/249"}],"up":[{"embeddable":true,"href":"https:\/\/view.fis.agh.edu.pl\/service\/podyplomowe\/wp-json\/wp\/v2\/pages\/34"}],"wp:attachment":[{"href":"https:\/\/view.fis.agh.edu.pl\/service\/podyplomowe\/wp-json\/wp\/v2\/media?parent=243"}],"curies":[{"name":"wp","href":"https:\/\/api.w.org\/{rel}","templated":true}]}}