{"id":34,"date":"2011-05-05T06:57:32","date_gmt":"2011-05-05T06:57:32","guid":{"rendered":"http:\/\/dev.wpjungle.pl\/fiis\/?page_id=34"},"modified":"2012-09-26T14:02:00","modified_gmt":"2012-09-26T12:02:00","slug":"harmonogramy-20112012","status":"publish","type":"page","link":"https:\/\/view.fis.agh.edu.pl\/service\/podyplomowe\/2012-3\/harmonogramy-20112012\/","title":{"rendered":"Harmonogramy"},"content":{"rendered":"<h2>Poni\u017cej znajduj\u0105 si\u0119 harmonogramy zaj\u0119\u0107 w roku 2011\/2012 dla poszczeg\u00f3lnych kierunk\u00f3w:<\/h2>\n<ul>\n<li><a title=\"Harmonogram \u2013 Fizyka\" href=\"https:\/\/view.fis.agh.edu.pl\/service\/podyplomowe\/2012-3\/harmonogramy-20112012\/harmonogram-fizyka\/\">Fizyka z elementami informatyki<\/a><\/li>\n<li><a title=\"Harmonogram \u2013 Matematyka\" href=\"https:\/\/view.fis.agh.edu.pl\/service\/podyplomowe\/2012-3\/harmonogramy-20112012\/harmonogram-matematyka\/\">Matematyka z elementami informatyki<\/a><\/li>\n<li><a title=\"Harmonogram \u2013 Chemia\" href=\"https:\/\/view.fis.agh.edu.pl\/service\/podyplomowe\/2012-3\/harmonogramy-20112012\/392-2\/\">Chemia z elementami ochrony \u015brodowiska<\/a><\/li>\n<li><a href=\"https:\/\/view.fis.agh.edu.pl\/service\/podyplomowe\/2012-3\/harmonogramy-20112012\/harmonogram-informatyka\/\">Informatyka w szkole<\/a><\/li>\n<li><a title=\"Harmonogram \u2013 Technika\" href=\"https:\/\/view.fis.agh.edu.pl\/service\/podyplomowe\/2012-3\/harmonogramy-20112012\/harmonogram-technika\/\">Technika z elementami informatyki<\/a><\/li>\n<li><a title=\"Harmonogram \u2013 Przyroda\" href=\"https:\/\/view.fis.agh.edu.pl\/service\/podyplomowe\/2012-3\/harmonogramy-20112012\/harmonogram-przyroda\/\">Przyroda<\/a><\/li>\n<\/ul>\n<p>&nbsp;<\/p>\n","protected":false},"excerpt":{"rendered":"<p>Poni\u017cej znajduj\u0105 si\u0119 harmonogramy zaj\u0119\u0107 w roku 2011\/2012 dla poszczeg\u00f3lnych kierunk\u00f3w: Fizyka z elementami informatyki Matematyka z elementami informatyki Chemia z elementami ochrony \u015brodowiska Informatyka w szkole Technika z elementami informatyki Przyroda &nbsp;<\/p>\n","protected":false},"author":1,"featured_media":0,"parent":24,"menu_order":0,"comment_status":"open","ping_status":"open","template":"","meta":{"footnotes":""},"_links":{"self":[{"href":"https:\/\/view.fis.agh.edu.pl\/service\/podyplomowe\/wp-json\/wp\/v2\/pages\/34"}],"collection":[{"href":"https:\/\/view.fis.agh.edu.pl\/service\/podyplomowe\/wp-json\/wp\/v2\/pages"}],"about":[{"href":"https:\/\/view.fis.agh.edu.pl\/service\/podyplomowe\/wp-json\/wp\/v2\/types\/page"}],"author":[{"embeddable":true,"href":"https:\/\/view.fis.agh.edu.pl\/service\/podyplomowe\/wp-json\/wp\/v2\/users\/1"}],"replies":[{"embeddable":true,"href":"https:\/\/view.fis.agh.edu.pl\/service\/podyplomowe\/wp-json\/wp\/v2\/comments?post=34"}],"version-history":[{"count":23,"href":"https:\/\/view.fis.agh.edu.pl\/service\/podyplomowe\/wp-json\/wp\/v2\/pages\/34\/revisions"}],"predecessor-version":[{"id":616,"href":"https:\/\/view.fis.agh.edu.pl\/service\/podyplomowe\/wp-json\/wp\/v2\/pages\/34\/revisions\/616"}],"up":[{"embeddable":true,"href":"https:\/\/view.fis.agh.edu.pl\/service\/podyplomowe\/wp-json\/wp\/v2\/pages\/24"}],"wp:attachment":[{"href":"https:\/\/view.fis.agh.edu.pl\/service\/podyplomowe\/wp-json\/wp\/v2\/media?parent=34"}],"curies":[{"name":"wp","href":"https:\/\/api.w.org\/{rel}","templated":true}]}}