{"id":401,"date":"2012-01-04T07:58:28","date_gmt":"2012-01-04T06:58:28","guid":{"rendered":"https:\/\/view.fis.agh.edu.pl\/service\/podyplomowe\/?page_id=401"},"modified":"2012-03-26T22:15:13","modified_gmt":"2012-03-26T20:15:13","slug":"harmonogram-technika","status":"publish","type":"page","link":"https:\/\/view.fis.agh.edu.pl\/service\/podyplomowe\/2012-3\/harmonogramy-20112012\/harmonogram-technika\/","title":{"rendered":"Harmonogram &#8211; Technika"},"content":{"rendered":"<h2>Harmonogramy zaj\u0119\u0107 oraz inne materia\u0142y dla kierunku<br \/>\nTechnika z elementami informatyki<\/h2>\n<ul>\n<li><a href=\"https:\/\/view.fis.agh.edu.pl\/service\/podyplomowe\/wp-content\/uploads\/2011\/12\/PLAN1-technika.pdf\">Harmonogram zaj\u0119\u0107 w 1 semestrze<\/a><\/li>\n<li><a href=\"https:\/\/view.fis.agh.edu.pl\/service\/podyplomowe\/wp-content\/uploads\/2012\/01\/PLAN2-technika.pdf\">Harmonogram zaj\u0119\u0107 w 2 semestrze<\/a><\/li>\n<li><a href=\"https:\/\/view.fis.agh.edu.pl\/service\/podyplomowe\/wp-content\/uploads\/2012\/03\/PLAN3-technika.pdf\">Harmonogram zaj\u0119\u0107 w 3 semestrze<\/a> &#8211; aktualizacja 23.03.2012<\/li>\n<li><a href=\"https:\/\/view.fis.agh.edu.pl\/service\/podyplomowe\/wp-content\/uploads\/2012\/01\/karta-technika.pdf\">Wz\u00f3r karty egzaminacyjnej<\/a><\/li>\n<\/ul>\n","protected":false},"excerpt":{"rendered":"<p>Harmonogramy zaj\u0119\u0107 oraz inne materia\u0142y dla kierunku Technika z elementami informatyki Harmonogram zaj\u0119\u0107 w 1 semestrze Harmonogram zaj\u0119\u0107 w 2 semestrze Harmonogram zaj\u0119\u0107 w 3 semestrze &#8211; aktualizacja 23.03.2012 Wz\u00f3r karty egzaminacyjnej<\/p>\n","protected":false},"author":1,"featured_media":0,"parent":34,"menu_order":0,"comment_status":"closed","ping_status":"closed","template":"","meta":{"footnotes":""},"_links":{"self":[{"href":"https:\/\/view.fis.agh.edu.pl\/service\/podyplomowe\/wp-json\/wp\/v2\/pages\/401"}],"collection":[{"href":"https:\/\/view.fis.agh.edu.pl\/service\/podyplomowe\/wp-json\/wp\/v2\/pages"}],"about":[{"href":"https:\/\/view.fis.agh.edu.pl\/service\/podyplomowe\/wp-json\/wp\/v2\/types\/page"}],"author":[{"embeddable":true,"href":"https:\/\/view.fis.agh.edu.pl\/service\/podyplomowe\/wp-json\/wp\/v2\/users\/1"}],"replies":[{"embeddable":true,"href":"https:\/\/view.fis.agh.edu.pl\/service\/podyplomowe\/wp-json\/wp\/v2\/comments?post=401"}],"version-history":[{"count":8,"href":"https:\/\/view.fis.agh.edu.pl\/service\/podyplomowe\/wp-json\/wp\/v2\/pages\/401\/revisions"}],"predecessor-version":[{"id":517,"href":"https:\/\/view.fis.agh.edu.pl\/service\/podyplomowe\/wp-json\/wp\/v2\/pages\/401\/revisions\/517"}],"up":[{"embeddable":true,"href":"https:\/\/view.fis.agh.edu.pl\/service\/podyplomowe\/wp-json\/wp\/v2\/pages\/34"}],"wp:attachment":[{"href":"https:\/\/view.fis.agh.edu.pl\/service\/podyplomowe\/wp-json\/wp\/v2\/media?parent=401"}],"curies":[{"name":"wp","href":"https:\/\/api.w.org\/{rel}","templated":true}]}}