{"id":452,"date":"2012-01-11T19:16:27","date_gmt":"2012-01-11T18:16:27","guid":{"rendered":"https:\/\/view.fis.agh.edu.pl\/service\/podyplomowe\/?page_id=452"},"modified":"2012-01-11T19:16:27","modified_gmt":"2012-01-11T18:16:27","slug":"ogloszenie-2012-01-10","status":"publish","type":"page","link":"https:\/\/view.fis.agh.edu.pl\/service\/podyplomowe\/2012-3\/ogloszenia\/ogloszenie-2012-01-10\/","title":{"rendered":"Og\u0142oszenie 2012.01.10"},"content":{"rendered":"<p>Na stronie w zak\u0142adce materia\u0142y dla Przyrody pojawi\u0142y si\u0119 nowe informacje dotycz\u0105ce zaj\u0119\u0107 z <a title=\"Materia\u0142y-Przyroda-Promieniotw\u00f3rczo\u015b\u0107 w \u015brodowisku\" href=\"https:\/\/view.fis.agh.edu.pl\/service\/podyplomowe\/2012-3\/materialy\/materialy-przyroda\/materialy-przyroda-promieniotworczosc-w-srodowisku\/\">promieniotw\u00f3rczo\u015bci w \u015brodowisku<\/a>.<\/p>\n","protected":false},"excerpt":{"rendered":"<p>Na stronie w zak\u0142adce materia\u0142y dla Przyrody pojawi\u0142y si\u0119 nowe informacje dotycz\u0105ce zaj\u0119\u0107 z promieniotw\u00f3rczo\u015bci w \u015brodowisku.<\/p>\n","protected":false},"author":1,"featured_media":0,"parent":221,"menu_order":0,"comment_status":"closed","ping_status":"closed","template":"","meta":{"footnotes":""},"_links":{"self":[{"href":"https:\/\/view.fis.agh.edu.pl\/service\/podyplomowe\/wp-json\/wp\/v2\/pages\/452"}],"collection":[{"href":"https:\/\/view.fis.agh.edu.pl\/service\/podyplomowe\/wp-json\/wp\/v2\/pages"}],"about":[{"href":"https:\/\/view.fis.agh.edu.pl\/service\/podyplomowe\/wp-json\/wp\/v2\/types\/page"}],"author":[{"embeddable":true,"href":"https:\/\/view.fis.agh.edu.pl\/service\/podyplomowe\/wp-json\/wp\/v2\/users\/1"}],"replies":[{"embeddable":true,"href":"https:\/\/view.fis.agh.edu.pl\/service\/podyplomowe\/wp-json\/wp\/v2\/comments?post=452"}],"version-history":[{"count":2,"href":"https:\/\/view.fis.agh.edu.pl\/service\/podyplomowe\/wp-json\/wp\/v2\/pages\/452\/revisions"}],"predecessor-version":[{"id":457,"href":"https:\/\/view.fis.agh.edu.pl\/service\/podyplomowe\/wp-json\/wp\/v2\/pages\/452\/revisions\/457"}],"up":[{"embeddable":true,"href":"https:\/\/view.fis.agh.edu.pl\/service\/podyplomowe\/wp-json\/wp\/v2\/pages\/221"}],"wp:attachment":[{"href":"https:\/\/view.fis.agh.edu.pl\/service\/podyplomowe\/wp-json\/wp\/v2\/media?parent=452"}],"curies":[{"name":"wp","href":"https:\/\/api.w.org\/{rel}","templated":true}]}}