{"id":561,"date":"2012-06-05T08:22:48","date_gmt":"2012-06-05T06:22:48","guid":{"rendered":"https:\/\/view.fis.agh.edu.pl\/service\/podyplomowe\/?page_id=561"},"modified":"2024-05-09T11:18:51","modified_gmt":"2024-05-09T09:18:51","slug":"rekrutacja","status":"publish","type":"page","link":"https:\/\/view.fis.agh.edu.pl\/service\/podyplomowe\/rekrutacja\/","title":{"rendered":"Rekrutacja"},"content":{"rendered":"<h2>Informacje dotycz\u0105ce rekrutacji na studia podyplomowe.<\/h2>\n<h3><span style=\"text-decoration: underline; color: #ff0000;\">\u00a0<\/span><\/h3>\n<table border=\"0\" cellspacing=\"0\" cellpadding=\"0\">\n<tbody>\n<tr>\n<td valign=\"top\" width=\"727\"><strong>Zasady naboru: <\/strong><\/td>\n<\/tr>\n<tr>\n<td valign=\"top\" width=\"727\">\n<p><strong>Termin zg\u0142osze\u0144:<\/strong> od 1\u00a0 czerwca 2024 r.\u00a0 do wyczerpania limitu miejsc<\/p>\n<p><span style=\"color: #339966;\"><strong>Realizacja zaj\u0119\u0107\u00a0 planowana jest w systemie hybrydowym ( wyk\u0142ady i \u0107wiczenia \u2013 online, zaj\u0119cia laboratoryjne i praktyczne \u2013 stacjonarnie).<\/strong><\/span><\/p>\n<p><span style=\"color: #339966;\"><strong>Uruchomienie studi\u00f3w jest uwarunkowane ilo\u015bci\u0105 zg\u0142osze\u0144.<\/strong><\/span><\/p>\n<p>&nbsp;<\/p>\n<p>&nbsp;<\/p>\n<p><strong>Wymagane dokumenty:<\/strong><\/p>\n<ul>\n<li>podanie *<\/li>\n<li>formularz zg\u0142oszeniowy *<\/li>\n<li>po\u015bwiadczona prze Uczelni\u0119 kopia dyplomu uko\u0144czenia studi\u00f3w wy\u017cszych<\/li>\n<li>\u015bwiadectwo uzyskania uprawnie\u0144 do nauczania<\/li>\n<li>potwierdzenie wniesienia op\u0142aty wpisowej w wys. 100z\u0142, kt\u00f3ra jest wliczona w wysoko\u015b\u0107 ca\u0142kowitej op\u0142aty za studia podyplomowe <a title=\"Konto bankowe\" href=\"https:\/\/view.fis.agh.edu.pl\/service\/podyplomowe\/konto-bankowe\/\"><br \/>dane do przelewu znajduj\u0105 si\u0119 tu<\/a><\/li>\n<li>zdj\u0119cie (1 szt.)<\/li>\n<\/ul>\n<p>* <a title=\"Materia\u0142y do pobrania\" href=\"https:\/\/view.fis.agh.edu.pl\/service\/podyplomowe\/materialy-do-pobrania\/\">druki mo\u017cna pobra\u0107 tu<\/a><\/p>\n<p><strong>Wysoko\u015b\u0107 op\u0142at:<\/strong><a href=\"https:\/\/view.fis.agh.edu.pl\/service\/podyplomowe\/oplaty\/\"> informacja o wysoko\u015bci op\u0142at za studia znajduje si\u0119 tu <\/a><\/p>\n<p><strong>Tryb zg\u0142osze\u0144:<\/strong> Kolejno\u015b\u0107 zg\u0142osze\u0144<\/p>\n<p><strong>Miejsce zg\u0142osze\u0144:<\/strong><\/p>\n<p>AGH, Wydzia\u0142u Fizyki i Informatyki Stosowanej<\/p>\n<p>Krak\u00f3w, ul. Reymonta 19<\/p>\n<p>Pawilon D 10, Pok\u00f3j 18<\/p>\n<p>tel. 012 617 29 50, fax 012\u00a0634 00 10<\/p>\n<p>e-mail: <a href=\"mailto:walus@novell.ftj.agh.edu.pl\">podyplomowe@fis.agh.edu.pl<\/a><\/p>\n<p><strong>Osoba przyjmuj\u0105ca zg\u0142oszenia:<\/strong> Gra\u017cyna Walu\u015b, tel. 012 617 29 50<\/p>\n<p>Komplet dokument\u00f3w mo\u017cna r\u00f3wnie\u017c przes\u0142a\u0107 poczt\u0105 na adres:<\/p>\n<p>Akademia G\u00f3rniczo-Hutnicza im. Stanis\u0142awa Staszica w Krakowie<\/p>\n<p>Wydzia\u0142 Fizyki i Informatyki Stosowanej<\/p>\n<p>Al. Mickiewicza 30<\/p>\n<p>30-059 Krak\u00f3w<\/p>\n<p>z dopiskiem: dziekanat, lub podyplomowe<\/p>\n<p>&nbsp;<\/p>\n<\/td>\n<\/tr>\n<\/tbody>\n<\/table>\n\n\n<p><\/p>\n","protected":false},"excerpt":{"rendered":"<p>Informacje dotycz\u0105ce rekrutacji na studia podyplomowe. \u00a0 Zasady naboru: Termin zg\u0142osze\u0144: od 1\u00a0 czerwca 2024 r.\u00a0 do wyczerpania limitu miejsc Realizacja zaj\u0119\u0107\u00a0 planowana jest w systemie hybrydowym ( wyk\u0142ady i \u0107wiczenia \u2013 online, zaj\u0119cia laboratoryjne i praktyczne \u2013 stacjonarnie). Uruchomienie studi\u00f3w jest uwarunkowane ilo\u015bci\u0105 zg\u0142osze\u0144. &nbsp; &nbsp; Wymagane dokumenty: podanie * formularz zg\u0142oszeniowy * po\u015bwiadczona [&hellip;]<\/p>\n","protected":false},"author":1,"featured_media":0,"parent":0,"menu_order":0,"comment_status":"closed","ping_status":"closed","template":"","meta":{"footnotes":""},"_links":{"self":[{"href":"https:\/\/view.fis.agh.edu.pl\/service\/podyplomowe\/wp-json\/wp\/v2\/pages\/561"}],"collection":[{"href":"https:\/\/view.fis.agh.edu.pl\/service\/podyplomowe\/wp-json\/wp\/v2\/pages"}],"about":[{"href":"https:\/\/view.fis.agh.edu.pl\/service\/podyplomowe\/wp-json\/wp\/v2\/types\/page"}],"author":[{"embeddable":true,"href":"https:\/\/view.fis.agh.edu.pl\/service\/podyplomowe\/wp-json\/wp\/v2\/users\/1"}],"replies":[{"embeddable":true,"href":"https:\/\/view.fis.agh.edu.pl\/service\/podyplomowe\/wp-json\/wp\/v2\/comments?post=561"}],"version-history":[{"count":42,"href":"https:\/\/view.fis.agh.edu.pl\/service\/podyplomowe\/wp-json\/wp\/v2\/pages\/561\/revisions"}],"predecessor-version":[{"id":1880,"href":"https:\/\/view.fis.agh.edu.pl\/service\/podyplomowe\/wp-json\/wp\/v2\/pages\/561\/revisions\/1880"}],"wp:attachment":[{"href":"https:\/\/view.fis.agh.edu.pl\/service\/podyplomowe\/wp-json\/wp\/v2\/media?parent=561"}],"curies":[{"name":"wp","href":"https:\/\/api.w.org\/{rel}","templated":true}]}}