{"id":590,"date":"2012-09-17T14:50:31","date_gmt":"2012-09-17T12:50:31","guid":{"rendered":"https:\/\/view.fis.agh.edu.pl\/service\/podyplomowe\/?page_id=590"},"modified":"2012-09-27T07:26:34","modified_gmt":"2012-09-27T05:26:34","slug":"ogloszenie-17-09-2012-przyroda","status":"publish","type":"page","link":"https:\/\/view.fis.agh.edu.pl\/service\/podyplomowe\/2012-3\/ogloszenia\/ogloszenie-17-09-2012-przyroda\/","title":{"rendered":"Og\u0142oszenie 17.09.2012 &#8211; Przyroda"},"content":{"rendered":"<p>Szanowni pa\u0144stwo.<\/p>\n<p>Termin obron prac dyplomowych zosta\u0142 ustalony na 28 wrze\u015bnia 2012 od godz. 14:00.<\/p>\n<p>Uprzejmie informuje, \u017ce obrona sk\u0142ada si\u0119 z kr\u00f3tkiej prezentacji  pracy pokazuj\u0105cej jej zarys przygotowanej w PowerPoincie lub PDF-ie  (5-10 min, komputer i rzutnik b\u0119d\u0105 na sali), oraz pyta\u0144 komisji  egzaminacyjnej z zakresu programu studi\u00f3w (g\u0142\u00f3wnie z tematyki pracy  dyplomowej)<\/p>\n<p>Na podstawie przes\u0142anych do mnie deklaracji poni\u017cej zamieszczam kolejno\u015b\u0107 obron:<\/p>\n<p>1. E. Pietrus<br \/>\n2. B. Kalicka<br \/>\n3. A. Trzcionkowska<br \/>\n4. P. Pasternak<br \/>\n5. M. \u0141ukasiewicz<\/p>\n<p>Miros\u0142aw Zimnoch<\/p>\n","protected":false},"excerpt":{"rendered":"<p>Szanowni pa\u0144stwo. Termin obron prac dyplomowych zosta\u0142 ustalony na 28 wrze\u015bnia 2012 od godz. 14:00. Uprzejmie informuje, \u017ce obrona sk\u0142ada si\u0119 z kr\u00f3tkiej prezentacji pracy pokazuj\u0105cej jej zarys przygotowanej w PowerPoincie lub PDF-ie (5-10 min, komputer i rzutnik b\u0119d\u0105 na sali), oraz pyta\u0144 komisji egzaminacyjnej z zakresu programu studi\u00f3w (g\u0142\u00f3wnie z tematyki pracy dyplomowej) Na [&hellip;]<\/p>\n","protected":false},"author":1,"featured_media":0,"parent":221,"menu_order":0,"comment_status":"closed","ping_status":"closed","template":"","meta":{"footnotes":""},"_links":{"self":[{"href":"https:\/\/view.fis.agh.edu.pl\/service\/podyplomowe\/wp-json\/wp\/v2\/pages\/590"}],"collection":[{"href":"https:\/\/view.fis.agh.edu.pl\/service\/podyplomowe\/wp-json\/wp\/v2\/pages"}],"about":[{"href":"https:\/\/view.fis.agh.edu.pl\/service\/podyplomowe\/wp-json\/wp\/v2\/types\/page"}],"author":[{"embeddable":true,"href":"https:\/\/view.fis.agh.edu.pl\/service\/podyplomowe\/wp-json\/wp\/v2\/users\/1"}],"replies":[{"embeddable":true,"href":"https:\/\/view.fis.agh.edu.pl\/service\/podyplomowe\/wp-json\/wp\/v2\/comments?post=590"}],"version-history":[{"count":3,"href":"https:\/\/view.fis.agh.edu.pl\/service\/podyplomowe\/wp-json\/wp\/v2\/pages\/590\/revisions"}],"predecessor-version":[{"id":631,"href":"https:\/\/view.fis.agh.edu.pl\/service\/podyplomowe\/wp-json\/wp\/v2\/pages\/590\/revisions\/631"}],"up":[{"embeddable":true,"href":"https:\/\/view.fis.agh.edu.pl\/service\/podyplomowe\/wp-json\/wp\/v2\/pages\/221"}],"wp:attachment":[{"href":"https:\/\/view.fis.agh.edu.pl\/service\/podyplomowe\/wp-json\/wp\/v2\/media?parent=590"}],"curies":[{"name":"wp","href":"https:\/\/api.w.org\/{rel}","templated":true}]}}