{"id":609,"date":"2012-09-26T13:59:50","date_gmt":"2012-09-26T11:59:50","guid":{"rendered":"https:\/\/view.fis.agh.edu.pl\/service\/podyplomowe\/?page_id=609"},"modified":"2012-10-12T10:08:03","modified_gmt":"2012-10-12T08:08:03","slug":"harmonogramy","status":"publish","type":"page","link":"https:\/\/view.fis.agh.edu.pl\/service\/podyplomowe\/20122013-2\/harmonogramy\/","title":{"rendered":"Harmonogramy"},"content":{"rendered":"<h2>Poni\u017cej znajduj\u0105 si\u0119 harmonogramy zaj\u0119\u0107 w roku 2012\/2013 dla poszczeg\u00f3lnych kierunk\u00f3w:<\/h2>\n<ul>\n<li><a title=\"Harmonogram \u2013 Fizyka\" href=\"https:\/\/view.fis.agh.edu.pl\/service\/podyplomowe\/20122013-2\/harmonogramy\/harmonogram-fizyka\/\">Fizyka z elementami informatyki<\/a> <span style=\"color: #ff0000;\"><br \/>\n<\/span><\/li>\n<li><a title=\"Harmonogram \u2013 Matematyka\" href=\"https:\/\/view.fis.agh.edu.pl\/service\/podyplomowe\/20122013-2\/harmonogramy\/harmonosgram-matematyka\/\">Matematyka z elementami informatyki<\/a><span style=\"color: #ff0000;\"><br \/>\n<\/span><\/li>\n<li><a title=\"Harmonogram \u2013 Chemia\" href=\"https:\/\/view.fis.agh.edu.pl\/service\/podyplomowe\/20122013-2\/harmonogramy\/harmonogram-chemia\/\">Chemia z elementami ochrony \u015brodowiska<\/a><\/li>\n<li><a href=\"https:\/\/view.fis.agh.edu.pl\/service\/podyplomowe\/2012-3\/harmonogramy-20112012\/harmonogram-informatyka\/\">Informatyka w szkole<\/a><\/li>\n<li><a title=\"Harmonogram \u2013 Przyroda\" href=\"https:\/\/view.fis.agh.edu.pl\/service\/podyplomowe\/20122013-2\/harmonogramy\/harmonogram-przyroda\/\">Przyroda<\/a> <span style=\"color: #ff0000;\"><br \/>\n<\/span><\/li>\n<\/ul>\n<p>&nbsp;<\/p>\n<p><span style=\"color: #ff0000;\"><br \/>\n<\/span><\/p>\n","protected":false},"excerpt":{"rendered":"<p>Poni\u017cej znajduj\u0105 si\u0119 harmonogramy zaj\u0119\u0107 w roku 2012\/2013 dla poszczeg\u00f3lnych kierunk\u00f3w: Fizyka z elementami informatyki Matematyka z elementami informatyki Chemia z elementami ochrony \u015brodowiska Informatyka w szkole Przyroda &nbsp;<\/p>\n","protected":false},"author":1,"featured_media":0,"parent":603,"menu_order":0,"comment_status":"closed","ping_status":"closed","template":"","meta":{"footnotes":""},"_links":{"self":[{"href":"https:\/\/view.fis.agh.edu.pl\/service\/podyplomowe\/wp-json\/wp\/v2\/pages\/609"}],"collection":[{"href":"https:\/\/view.fis.agh.edu.pl\/service\/podyplomowe\/wp-json\/wp\/v2\/pages"}],"about":[{"href":"https:\/\/view.fis.agh.edu.pl\/service\/podyplomowe\/wp-json\/wp\/v2\/types\/page"}],"author":[{"embeddable":true,"href":"https:\/\/view.fis.agh.edu.pl\/service\/podyplomowe\/wp-json\/wp\/v2\/users\/1"}],"replies":[{"embeddable":true,"href":"https:\/\/view.fis.agh.edu.pl\/service\/podyplomowe\/wp-json\/wp\/v2\/comments?post=609"}],"version-history":[{"count":9,"href":"https:\/\/view.fis.agh.edu.pl\/service\/podyplomowe\/wp-json\/wp\/v2\/pages\/609\/revisions"}],"predecessor-version":[{"id":623,"href":"https:\/\/view.fis.agh.edu.pl\/service\/podyplomowe\/wp-json\/wp\/v2\/pages\/609\/revisions\/623"}],"up":[{"embeddable":true,"href":"https:\/\/view.fis.agh.edu.pl\/service\/podyplomowe\/wp-json\/wp\/v2\/pages\/603"}],"wp:attachment":[{"href":"https:\/\/view.fis.agh.edu.pl\/service\/podyplomowe\/wp-json\/wp\/v2\/media?parent=609"}],"curies":[{"name":"wp","href":"https:\/\/api.w.org\/{rel}","templated":true}]}}