{"id":612,"date":"2012-09-26T14:00:53","date_gmt":"2012-09-26T12:00:53","guid":{"rendered":"https:\/\/view.fis.agh.edu.pl\/service\/podyplomowe\/?page_id=612"},"modified":"2013-09-24T08:56:21","modified_gmt":"2013-09-24T06:56:21","slug":"ogloszenia","status":"publish","type":"page","link":"https:\/\/view.fis.agh.edu.pl\/service\/podyplomowe\/20122013-2\/ogloszenia\/","title":{"rendered":"Og\u0142oszenia"},"content":{"rendered":"<h1>Og\u0142oszenia dla uczestnik\u00f3w studi\u00f3w podyplomowych rok akademicki 2012\/2013:<\/h1>\n<p>&nbsp;<\/p>\n<p>Obrona pracy ko\u0144cowej dla kierunku<\/p>\n<h2><strong><span style=\"text-decoration: underline;\">Chemia z elementami ochrony \u015brodowiska<\/span><\/strong><\/h2>\n<p>odb\u0119dzie si\u0119<\/p>\n<p><span style=\"color: #ff0000;\"><strong>07 pa\u017adziernika 2013 (poniedzia\u0142ek) od godz.15.00<\/strong><\/span><\/p>\n<p>oraz<\/p>\n<p><span style=\"color: #ff0000;\"><strong>08 pa\u017adziernika 2013 (wtorek) od godz.15.00<\/strong><\/span><\/p>\n<p><strong>WA\u017bNE!!! <\/strong><\/p>\n<p>&#8211; Warunkiem przyst\u0105pienia do obrony jest przes\u0142anie w formie elektronicznej pracy do opiekuna pracy do dnia 30 wrze\u015bnia 2013 (poniedzia\u0142ek).<\/p>\n<p>&#8211;\u00a0  Osoby, kt\u00f3re chc\u0105 przyst\u0105pi\u0107 do obrony (w w\/w terminach) proszone s\u0105 o  wpisywanie si\u0119 na list\u0119 tak, \u00a0aby grupy zdaj\u0105ce w poniedzia\u0142ek i wtorek  by\u0142y r\u00f3wnoliczne.<\/p>\n<p>&nbsp;<\/p>\n<p><strong>Obrona pracy ko\u0144cowej dla kierunku<\/strong><\/p>\n<p><strong> <\/strong><\/p>\n<h2><strong>&#8211; <span style=\"text-decoration: underline;\">Fizyka z elementami informatyki <\/span><\/strong><\/h2>\n<p><strong>oraz <\/strong><\/p>\n<h2><strong>&#8211; <span style=\"text-decoration: underline;\">Przyroda<\/span><\/strong><\/h2>\n<p><strong><span style=\"text-decoration: underline;\"> <\/span><\/strong><\/p>\n<p><strong>odb\u0119dzie si\u0119 <\/strong><\/p>\n<p><span style=\"color: #ff0000;\"><strong>25 wrze\u015bnia 2013 (\u015broda) od godz.15.00<\/strong><\/span><\/p>\n<p><strong> <\/strong><\/p>\n<p>Pierwszy broni si\u0119 kierunek &#8220;Przyroda&#8221;<\/p>\n<p>&nbsp;<\/p>\n<p><strong>WA\u017bNE!!! <\/strong><\/p>\n<p><strong>&#8211; Przypominamy, \u017ce warunkiem dopuszczenia do obrony jest wniesienie ca\u0142kowitej wp\u0142aty za studia podyplomowe.<\/strong><\/p>\n<p><strong>&#8211;<\/strong> Przes\u0142anie w formie elektronicznej pracy do opiekuna pracy do dnia 23 wrze\u015bnia 2013 (poniedzia\u0142ek)<\/p>\n<p>&nbsp;<\/p>\n","protected":false},"excerpt":{"rendered":"<p>Og\u0142oszenia dla uczestnik\u00f3w studi\u00f3w podyplomowych rok akademicki 2012\/2013: &nbsp; Obrona pracy ko\u0144cowej dla kierunku Chemia z elementami ochrony \u015brodowiska odb\u0119dzie si\u0119 07 pa\u017adziernika 2013 (poniedzia\u0142ek) od godz.15.00 oraz 08 pa\u017adziernika 2013 (wtorek) od godz.15.00 WA\u017bNE!!! &#8211; Warunkiem przyst\u0105pienia do obrony jest przes\u0142anie w formie elektronicznej pracy do opiekuna pracy do dnia 30 wrze\u015bnia 2013 (poniedzia\u0142ek). [&hellip;]<\/p>\n","protected":false},"author":1,"featured_media":0,"parent":603,"menu_order":0,"comment_status":"closed","ping_status":"closed","template":"","meta":{"footnotes":""},"_links":{"self":[{"href":"https:\/\/view.fis.agh.edu.pl\/service\/podyplomowe\/wp-json\/wp\/v2\/pages\/612"}],"collection":[{"href":"https:\/\/view.fis.agh.edu.pl\/service\/podyplomowe\/wp-json\/wp\/v2\/pages"}],"about":[{"href":"https:\/\/view.fis.agh.edu.pl\/service\/podyplomowe\/wp-json\/wp\/v2\/types\/page"}],"author":[{"embeddable":true,"href":"https:\/\/view.fis.agh.edu.pl\/service\/podyplomowe\/wp-json\/wp\/v2\/users\/1"}],"replies":[{"embeddable":true,"href":"https:\/\/view.fis.agh.edu.pl\/service\/podyplomowe\/wp-json\/wp\/v2\/comments?post=612"}],"version-history":[{"count":25,"href":"https:\/\/view.fis.agh.edu.pl\/service\/podyplomowe\/wp-json\/wp\/v2\/pages\/612\/revisions"}],"predecessor-version":[{"id":774,"href":"https:\/\/view.fis.agh.edu.pl\/service\/podyplomowe\/wp-json\/wp\/v2\/pages\/612\/revisions\/774"}],"up":[{"embeddable":true,"href":"https:\/\/view.fis.agh.edu.pl\/service\/podyplomowe\/wp-json\/wp\/v2\/pages\/603"}],"wp:attachment":[{"href":"https:\/\/view.fis.agh.edu.pl\/service\/podyplomowe\/wp-json\/wp\/v2\/media?parent=612"}],"curies":[{"name":"wp","href":"https:\/\/api.w.org\/{rel}","templated":true}]}}