{"id":620,"date":"2012-09-26T14:05:39","date_gmt":"2012-09-26T12:05:39","guid":{"rendered":"https:\/\/view.fis.agh.edu.pl\/service\/podyplomowe\/?page_id=620"},"modified":"2013-03-25T18:09:14","modified_gmt":"2013-03-25T17:09:14","slug":"harmonogram-chemia","status":"publish","type":"page","link":"https:\/\/view.fis.agh.edu.pl\/service\/podyplomowe\/20122013-2\/harmonogramy\/harmonogram-chemia\/","title":{"rendered":"Harmonogram &#8211; Chemia"},"content":{"rendered":"<h2>Harmonogramy zaj\u0119\u0107 oraz inne materia\u0142y dla kierunku<br \/>\nChemia z elementami ochrony \u015brodowiska<\/h2>\n<ul>\n<li><a href=\"https:\/\/view.fis.agh.edu.pl\/service\/podyplomowe\/wp-content\/uploads\/2012\/09\/harmonogram-chemia-1semestr.pdf\">Harmonogram zaj\u0119\u0107 w 1 semestrze<\/a><\/li>\n<li><a href=\"https:\/\/view.fis.agh.edu.pl\/service\/podyplomowe\/wp-content\/uploads\/2013\/01\/PLAN2-chemia.pdf\">Harmonogram zaj\u0119\u0107 w 2 semestrze<\/a><\/li>\n<li><a href=\"https:\/\/view.fis.agh.edu.pl\/service\/podyplomowe\/wp-content\/uploads\/2013\/03\/PLAN3-chemia.pdf\">Harmonogram zaj\u0119\u0107 w 3 semestrze<\/a><\/li>\n<li>Wz\u00f3r karty egzaminacyjnej<\/li>\n<\/ul>\n","protected":false},"excerpt":{"rendered":"<p>Harmonogramy zaj\u0119\u0107 oraz inne materia\u0142y dla kierunku Chemia z elementami ochrony \u015brodowiska Harmonogram zaj\u0119\u0107 w 1 semestrze Harmonogram zaj\u0119\u0107 w 2 semestrze Harmonogram zaj\u0119\u0107 w 3 semestrze Wz\u00f3r karty egzaminacyjnej<\/p>\n","protected":false},"author":1,"featured_media":0,"parent":609,"menu_order":0,"comment_status":"closed","ping_status":"closed","template":"","meta":{"footnotes":""},"_links":{"self":[{"href":"https:\/\/view.fis.agh.edu.pl\/service\/podyplomowe\/wp-json\/wp\/v2\/pages\/620"}],"collection":[{"href":"https:\/\/view.fis.agh.edu.pl\/service\/podyplomowe\/wp-json\/wp\/v2\/pages"}],"about":[{"href":"https:\/\/view.fis.agh.edu.pl\/service\/podyplomowe\/wp-json\/wp\/v2\/types\/page"}],"author":[{"embeddable":true,"href":"https:\/\/view.fis.agh.edu.pl\/service\/podyplomowe\/wp-json\/wp\/v2\/users\/1"}],"replies":[{"embeddable":true,"href":"https:\/\/view.fis.agh.edu.pl\/service\/podyplomowe\/wp-json\/wp\/v2\/comments?post=620"}],"version-history":[{"count":6,"href":"https:\/\/view.fis.agh.edu.pl\/service\/podyplomowe\/wp-json\/wp\/v2\/pages\/620\/revisions"}],"predecessor-version":[{"id":728,"href":"https:\/\/view.fis.agh.edu.pl\/service\/podyplomowe\/wp-json\/wp\/v2\/pages\/620\/revisions\/728"}],"up":[{"embeddable":true,"href":"https:\/\/view.fis.agh.edu.pl\/service\/podyplomowe\/wp-json\/wp\/v2\/pages\/609"}],"wp:attachment":[{"href":"https:\/\/view.fis.agh.edu.pl\/service\/podyplomowe\/wp-json\/wp\/v2\/media?parent=620"}],"curies":[{"name":"wp","href":"https:\/\/api.w.org\/{rel}","templated":true}]}}