{"id":649,"date":"2012-10-06T20:21:19","date_gmt":"2012-10-06T18:21:19","guid":{"rendered":"https:\/\/view.fis.agh.edu.pl\/service\/podyplomowe\/?page_id=649"},"modified":"2013-03-20T17:25:47","modified_gmt":"2013-03-20T16:25:47","slug":"harmonogram-przyroda","status":"publish","type":"page","link":"https:\/\/view.fis.agh.edu.pl\/service\/podyplomowe\/20122013-2\/harmonogramy\/harmonogram-przyroda\/","title":{"rendered":"Harmonogram &#8211; Przyroda"},"content":{"rendered":"<h2>Harmonogramy zaj\u0119\u0107 oraz inne materia\u0142y dla kierunku<br \/>\nPrzyroda<\/h2>\n<ul>\n<li><a href=\"https:\/\/view.fis.agh.edu.pl\/service\/podyplomowe\/wp-content\/uploads\/2012\/10\/PLAN1-Przyroda.pdf\">Harmonogram zaj\u0119\u0107 w 1 semestrze<\/a><\/li>\n<li><a href=\"https:\/\/view.fis.agh.edu.pl\/service\/podyplomowe\/wp-content\/uploads\/2013\/01\/PLAN2-Przyroda.pdf\">Harmonogram zaj\u0119\u0107 w 2 semestrze<\/a><\/li>\n<li><a href=\"https:\/\/view.fis.agh.edu.pl\/service\/podyplomowe\/wp-content\/uploads\/2013\/03\/PLAN3-Przyroda.pdf\">Harmonogram zaj\u0119\u0107 w 3 semestrze<\/a><\/li>\n<\/ul>\n<p>&nbsp;<\/p>\n","protected":false},"excerpt":{"rendered":"<p>Harmonogramy zaj\u0119\u0107 oraz inne materia\u0142y dla kierunku Przyroda Harmonogram zaj\u0119\u0107 w 1 semestrze Harmonogram zaj\u0119\u0107 w 2 semestrze Harmonogram zaj\u0119\u0107 w 3 semestrze &nbsp;<\/p>\n","protected":false},"author":1,"featured_media":0,"parent":609,"menu_order":0,"comment_status":"closed","ping_status":"closed","template":"","meta":{"footnotes":""},"_links":{"self":[{"href":"https:\/\/view.fis.agh.edu.pl\/service\/podyplomowe\/wp-json\/wp\/v2\/pages\/649"}],"collection":[{"href":"https:\/\/view.fis.agh.edu.pl\/service\/podyplomowe\/wp-json\/wp\/v2\/pages"}],"about":[{"href":"https:\/\/view.fis.agh.edu.pl\/service\/podyplomowe\/wp-json\/wp\/v2\/types\/page"}],"author":[{"embeddable":true,"href":"https:\/\/view.fis.agh.edu.pl\/service\/podyplomowe\/wp-json\/wp\/v2\/users\/1"}],"replies":[{"embeddable":true,"href":"https:\/\/view.fis.agh.edu.pl\/service\/podyplomowe\/wp-json\/wp\/v2\/comments?post=649"}],"version-history":[{"count":9,"href":"https:\/\/view.fis.agh.edu.pl\/service\/podyplomowe\/wp-json\/wp\/v2\/pages\/649\/revisions"}],"predecessor-version":[{"id":725,"href":"https:\/\/view.fis.agh.edu.pl\/service\/podyplomowe\/wp-json\/wp\/v2\/pages\/649\/revisions\/725"}],"up":[{"embeddable":true,"href":"https:\/\/view.fis.agh.edu.pl\/service\/podyplomowe\/wp-json\/wp\/v2\/pages\/609"}],"wp:attachment":[{"href":"https:\/\/view.fis.agh.edu.pl\/service\/podyplomowe\/wp-json\/wp\/v2\/media?parent=649"}],"curies":[{"name":"wp","href":"https:\/\/api.w.org\/{rel}","templated":true}]}}