{"id":651,"date":"2012-10-06T20:22:02","date_gmt":"2012-10-06T18:22:02","guid":{"rendered":"https:\/\/view.fis.agh.edu.pl\/service\/podyplomowe\/?page_id=651"},"modified":"2013-04-02T14:42:43","modified_gmt":"2013-04-02T12:42:43","slug":"harmonosgram-matematyka","status":"publish","type":"page","link":"https:\/\/view.fis.agh.edu.pl\/service\/podyplomowe\/20122013-2\/harmonogramy\/harmonosgram-matematyka\/","title":{"rendered":"Harmonogram &#8211; Matematyka"},"content":{"rendered":"<h2>Harmonogramy zaj\u0119\u0107 oraz inne materia\u0142y dla kierunku<br \/>\nMatematyka<\/h2>\n<ul>\n<li><a href=\"https:\/\/view.fis.agh.edu.pl\/service\/podyplomowe\/wp-content\/uploads\/2012\/10\/PLAN1-matematyka.pdf\">Harmonogram zaj\u0119\u0107 w 1 semestrze<\/a><\/li>\n<li><a href=\"https:\/\/view.fis.agh.edu.pl\/service\/podyplomowe\/wp-content\/uploads\/2012\/12\/PLAN2-matematyka.pdf\">Harmonogram zaj\u0119\u0107 w 2 semestrze<\/a><\/li>\n<li><a href=\"https:\/\/view.fis.agh.edu.pl\/service\/podyplomowe\/wp-content\/uploads\/2013\/04\/PLAN3-matematyka.pdf\">Harmonogram zaj\u0119\u0107 w 3 semestrze<\/a><\/li>\n<li>Wz\u00f3r karty egzaminacyjnej<\/li>\n<\/ul>\n","protected":false},"excerpt":{"rendered":"<p>Harmonogramy zaj\u0119\u0107 oraz inne materia\u0142y dla kierunku Matematyka Harmonogram zaj\u0119\u0107 w 1 semestrze Harmonogram zaj\u0119\u0107 w 2 semestrze Harmonogram zaj\u0119\u0107 w 3 semestrze Wz\u00f3r karty egzaminacyjnej<\/p>\n","protected":false},"author":1,"featured_media":0,"parent":609,"menu_order":0,"comment_status":"closed","ping_status":"closed","template":"","meta":{"footnotes":""},"_links":{"self":[{"href":"https:\/\/view.fis.agh.edu.pl\/service\/podyplomowe\/wp-json\/wp\/v2\/pages\/651"}],"collection":[{"href":"https:\/\/view.fis.agh.edu.pl\/service\/podyplomowe\/wp-json\/wp\/v2\/pages"}],"about":[{"href":"https:\/\/view.fis.agh.edu.pl\/service\/podyplomowe\/wp-json\/wp\/v2\/types\/page"}],"author":[{"embeddable":true,"href":"https:\/\/view.fis.agh.edu.pl\/service\/podyplomowe\/wp-json\/wp\/v2\/users\/1"}],"replies":[{"embeddable":true,"href":"https:\/\/view.fis.agh.edu.pl\/service\/podyplomowe\/wp-json\/wp\/v2\/comments?post=651"}],"version-history":[{"count":5,"href":"https:\/\/view.fis.agh.edu.pl\/service\/podyplomowe\/wp-json\/wp\/v2\/pages\/651\/revisions"}],"predecessor-version":[{"id":750,"href":"https:\/\/view.fis.agh.edu.pl\/service\/podyplomowe\/wp-json\/wp\/v2\/pages\/651\/revisions\/750"}],"up":[{"embeddable":true,"href":"https:\/\/view.fis.agh.edu.pl\/service\/podyplomowe\/wp-json\/wp\/v2\/pages\/609"}],"wp:attachment":[{"href":"https:\/\/view.fis.agh.edu.pl\/service\/podyplomowe\/wp-json\/wp\/v2\/media?parent=651"}],"curies":[{"name":"wp","href":"https:\/\/api.w.org\/{rel}","templated":true}]}}