{"id":654,"date":"2012-10-06T20:22:41","date_gmt":"2012-10-06T18:22:41","guid":{"rendered":"https:\/\/view.fis.agh.edu.pl\/service\/podyplomowe\/?page_id=654"},"modified":"2013-03-25T18:09:52","modified_gmt":"2013-03-25T17:09:52","slug":"harmonogram-fizyka","status":"publish","type":"page","link":"https:\/\/view.fis.agh.edu.pl\/service\/podyplomowe\/20122013-2\/harmonogramy\/harmonogram-fizyka\/","title":{"rendered":"Harmonogram &#8211; Fizyka"},"content":{"rendered":"<h2>Harmonogramy zaj\u0119\u0107 oraz inne materia\u0142y dla kierunku<br \/>\nFizyka<\/h2>\n<ul>\n<li><a href=\"https:\/\/view.fis.agh.edu.pl\/service\/podyplomowe\/wp-content\/uploads\/2012\/10\/PLAN1-fizyka.pdf\">Harmonogram zaj\u0119\u0107 w 1 semestrze<\/a><\/li>\n<li><a href=\"https:\/\/view.fis.agh.edu.pl\/service\/podyplomowe\/wp-content\/uploads\/2012\/12\/PLAN2-fizyka.pdf\">Harmonogram zaj\u0119\u0107 w 2 semestrze<\/a><\/li>\n<li><a href=\"https:\/\/view.fis.agh.edu.pl\/service\/podyplomowe\/wp-content\/uploads\/2013\/03\/PLAN3-fizyka.pdf\">Harmonogram zaj\u0119\u0107 w 3 semestrze<\/a><\/li>\n<li>Wz\u00f3r karty egzaminacyjnej<\/li>\n<\/ul>\n","protected":false},"excerpt":{"rendered":"<p>Harmonogramy zaj\u0119\u0107 oraz inne materia\u0142y dla kierunku Fizyka Harmonogram zaj\u0119\u0107 w 1 semestrze Harmonogram zaj\u0119\u0107 w 2 semestrze Harmonogram zaj\u0119\u0107 w 3 semestrze Wz\u00f3r karty egzaminacyjnej<\/p>\n","protected":false},"author":1,"featured_media":0,"parent":609,"menu_order":0,"comment_status":"closed","ping_status":"closed","template":"","meta":{"footnotes":""},"_links":{"self":[{"href":"https:\/\/view.fis.agh.edu.pl\/service\/podyplomowe\/wp-json\/wp\/v2\/pages\/654"}],"collection":[{"href":"https:\/\/view.fis.agh.edu.pl\/service\/podyplomowe\/wp-json\/wp\/v2\/pages"}],"about":[{"href":"https:\/\/view.fis.agh.edu.pl\/service\/podyplomowe\/wp-json\/wp\/v2\/types\/page"}],"author":[{"embeddable":true,"href":"https:\/\/view.fis.agh.edu.pl\/service\/podyplomowe\/wp-json\/wp\/v2\/users\/1"}],"replies":[{"embeddable":true,"href":"https:\/\/view.fis.agh.edu.pl\/service\/podyplomowe\/wp-json\/wp\/v2\/comments?post=654"}],"version-history":[{"count":4,"href":"https:\/\/view.fis.agh.edu.pl\/service\/podyplomowe\/wp-json\/wp\/v2\/pages\/654\/revisions"}],"predecessor-version":[{"id":729,"href":"https:\/\/view.fis.agh.edu.pl\/service\/podyplomowe\/wp-json\/wp\/v2\/pages\/654\/revisions\/729"}],"up":[{"embeddable":true,"href":"https:\/\/view.fis.agh.edu.pl\/service\/podyplomowe\/wp-json\/wp\/v2\/pages\/609"}],"wp:attachment":[{"href":"https:\/\/view.fis.agh.edu.pl\/service\/podyplomowe\/wp-json\/wp\/v2\/media?parent=654"}],"curies":[{"name":"wp","href":"https:\/\/api.w.org\/{rel}","templated":true}]}}