{"id":66,"date":"2011-06-01T12:47:56","date_gmt":"2011-06-01T12:47:56","guid":{"rendered":"http:\/\/dev.wpjungle.pl\/fiis\/?page_id=66"},"modified":"2024-05-08T13:50:04","modified_gmt":"2024-05-08T11:50:04","slug":"informatyka-w-szkole","status":"publish","type":"page","link":"https:\/\/view.fis.agh.edu.pl\/service\/podyplomowe\/informatyka-w-szkole\/","title":{"rendered":"Informatyka w szkole"},"content":{"rendered":"<h1>Informatyka w szkole<\/h1>\n<p><strong>(studia dla nauczycieli)<\/strong><\/p>\n<p>&nbsp;<\/p>\n<p><strong>Charakterystyka studi\u00f3w:<\/strong><\/p>\n<p>Celem studi\u00f3w jest przygotowanie nauczycieli do nauczania informatyki na poziomie szko\u0142y podstawowej, zawodowej \u00a0i \u015bredniej. Absolwent studi\u00f3w zostanie wyposa\u017cony w podstawow\u0105 wiedz\u0119 z zakresu metodyki nauczania informatyki oraz zapozna si\u0119 z mo\u017cliwo\u015bciami wykorzystania narz\u0119dzi informatycznych do przygotowania i prowadzenia zaj\u0119\u0107 dydaktycznych. Uczestnicy studi\u00f3w zostan\u0105 przygotowani do podj\u0119cia wsp\u00f3\u0142pracy w zakresie obs\u0142ugi informatycznej dzia\u0142alno\u015bci dydaktycznej i administracyjnej prowadzonej w szkole.<\/p>\n<p><strong>Sylwetka absolwenta:<\/strong><\/p>\n<p>Studia przewidziane s\u0105 do absolwent\u00f3w szk\u00f3\u0142 wy\u017cszych: czynnych nauczycieli lub os\u00f3b posiadaj\u0105cych przygotowanie pedagogiczne do nauczania w szkole. Daj\u0105 one uprawnienia do nauczania drugiego przedmiotu \u2013 informatyki.<\/p>\n<p>&nbsp;<\/p>\n<p>&nbsp;<\/p>\n<table border=\"1\" width=\"719\" cellpadding=\"15\">\n<tbody>\n<tr>\n<td rowspan=\"2\" width=\"250\"><strong>PRZEDMIOT<\/strong><\/td>\n<td rowspan=\"2\" width=\"180\"><strong>PROWADZ\u0104CY<\/strong><\/td>\n<td rowspan=\"2\" width=\"85\"><strong>LICZBA GODZIN<\/strong><\/td>\n<td rowspan=\"2\" width=\"57\"><strong>ECTS<\/strong><\/td>\n<\/tr>\n<tr>\n<td width=\"250\"><strong> <big>Semestr 1<\/big><\/strong><\/td>\n<td width=\"180\"><\/td>\n<td width=\"85\"><\/td>\n<td width=\"57\"><\/td>\n<td width=\"0\" height=\"33\"><\/td>\n<\/tr>\n<tr>\n<td width=\"250\"><strong>Wybrane zagadnienia z informatyki<\/strong><\/td>\n<td width=\"180\">dr Gra\u017cyna Krupi\u0144ska<\/td>\n<td width=\"85\"><strong>9<\/strong><\/td>\n<td width=\"57\">3<\/td>\n<\/tr>\n<tr>\n<td width=\"250\"><strong>Technologie internetowe 1 <\/strong><\/td>\n<td width=\"180\">dr Antoni Dydejczyk<\/td>\n<td width=\"85\"><strong>22<\/strong><\/td>\n<td width=\"57\">7<\/td>\n<\/tr>\n<tr>\n<td width=\"250\"><strong>Edytory tekstu <\/strong><\/td>\n<td width=\"180\">dr Gra\u017cyna Krupi\u0144ska<\/td>\n<td width=\"85\"><strong>8<\/strong><\/td>\n<td width=\"57\">3<\/td>\n<\/tr>\n<tr>\n<td width=\"250\"><strong>J\u0119zyki programowania (Python)<\/strong><\/td>\n<td width=\"180\">dr Gra\u017cyna Krupi\u0144ska<\/td>\n<td width=\"85\"><strong>23E<\/strong><\/td>\n<td width=\"57\">8<\/td>\n<\/tr>\n<tr>\n<td width=\"250\"><strong>Algorytmy i struktury danych <\/strong><\/td>\n<td width=\"180\">dr Gra\u017cyna Krupi\u0144ska<\/td>\n<td width=\"85\"><strong>15<\/strong><\/td>\n<td width=\"57\">6<\/td>\n<\/tr>\n<tr>\n<td width=\"250\"><strong>E-learning<\/strong><\/td>\n<td width=\"180\">mgr Marta St\u0105porek<\/td>\n<td width=\"85\"><strong>13<\/strong><\/td>\n<td width=\"57\">3<\/td>\n<\/tr>\n<tr>\n<td width=\"250\"><strong>Konsultacje <\/strong><\/td>\n<td width=\"180\">dr Gra\u017cyna Krupi\u0144ska<\/td>\n<td width=\"85\"><strong>10<\/strong><\/td>\n<td width=\"57\"><\/td>\n<\/tr>\n<tr>\n<td width=\"250\"><strong> <big>Semestr 2<\/big><\/strong><\/td>\n<td width=\"180\"><\/td>\n<td width=\"85\"><\/td>\n<td width=\"57\"><\/td>\n<\/tr>\n<tr>\n<td width=\"250\"><strong>Technologie internetowe 2 <\/strong><\/td>\n<td width=\"180\">dr Antoni Dydejczyk<\/td>\n<td width=\"85\"><strong>22E<\/strong><\/td>\n<td width=\"57\">8<\/td>\n<\/tr>\n<tr>\n<td width=\"250\"><strong>Szkolna sie\u0107 komputerowa <\/strong><\/td>\n<td width=\"180\">dr Antoni Dydejczyk<\/td>\n<td width=\"85\"><strong>8<\/strong><\/td>\n<td width=\"57\">3<\/td>\n<\/tr>\n<tr>\n<td width=\"250\"><strong>Prawo autorskie i ochrona danych <\/strong><\/td>\n<td width=\"180\">dr Anna Zieli\u0144ska<\/td>\n<td width=\"85\"><strong>8<\/strong><\/td>\n<td width=\"57\">3<\/td>\n<\/tr>\n<tr>\n<td width=\"250\"><strong>Metodyka i dydaktyka informatyki <\/strong><\/td>\n<td width=\"180\">dr Anna Stoli\u0144ska<\/td>\n<td width=\"85\"><strong>16<\/strong><\/td>\n<td width=\"57\">5<\/td>\n<\/tr>\n<tr>\n<td width=\"250\"><strong>Grafika komputerowa <\/strong><\/td>\n<td width=\"180\">dr Piotr Gronek<\/td>\n<td width=\"85\"><strong>22z<\/strong><\/td>\n<td width=\"57\">7<\/td>\n<\/tr>\n<tr>\n<td width=\"250\"><strong>J\u0119zyki programowania (Java) 1<\/strong><\/td>\n<td width=\"180\">dr Piotr Gronek<\/td>\n<td width=\"85\"><strong>14<\/strong><\/td>\n<td width=\"57\">4<\/td>\n<\/tr>\n<tr>\n<td width=\"250\"><strong>Konsultacje <\/strong><\/td>\n<td width=\"180\">dr Gra\u017cyna Krupi\u0144ska<\/td>\n<td width=\"85\"><strong>10<\/strong><\/td>\n<td width=\"57\"><\/td>\n<\/tr>\n<tr>\n<td width=\"250\"><strong> <big>Semestr 3<\/big><\/strong><\/td>\n<td width=\"180\"><\/td>\n<td width=\"85\"><\/td>\n<td width=\"57\"><\/td>\n<\/tr>\n<tr>\n<td width=\"250\"><strong>Arkusze kalkulacyjne <\/strong><\/td>\n<td width=\"180\">dr Piotr Gronek<\/td>\n<td width=\"85\"><strong>8<\/strong><\/td>\n<td width=\"57\">3<\/td>\n<\/tr>\n<tr>\n<td width=\"250\"><strong>Bazy danych <\/strong><\/td>\n<td width=\"180\">dr Antoni Dydejczyk<\/td>\n<td width=\"85\"><strong>22<\/strong><\/td>\n<td width=\"57\">9<\/td>\n<\/tr>\n<tr>\n<td width=\"250\"><strong>Analiza pomiar\u00f3w <\/strong><\/td>\n<td width=\"180\">prof. Janusz Wolny<\/td>\n<td width=\"85\"><strong>8<\/strong><\/td>\n<td width=\"57\">3<\/td>\n<\/tr>\n<tr>\n<td width=\"250\"><strong>J\u0119zyki programowania (Java) 2<\/strong><\/td>\n<td width=\"180\">dr Piotr Gronek<\/td>\n<td width=\"85\"><strong>7<\/strong><\/td>\n<td width=\"57\">4<\/td>\n<\/tr>\n<tr>\n<td width=\"250\"><strong>Wykorzystanie komputera w nauczaniu <\/strong><\/td>\n<td width=\"180\">dr in\u017c. Pawe\u0142 Janowski<\/td>\n<td width=\"85\"><strong>20<\/strong><\/td>\n<td width=\"57\">5<\/td>\n<\/tr>\n<tr>\n<td width=\"250\"><strong>Wsp\u00f3\u0142czesne problemy pedagogiki i metodyki wych.<\/strong><\/td>\n<td width=\"180\">dr Anna Stoli\u0144ska<\/td>\n<td width=\"85\"><strong>10<\/strong><\/td>\n<td width=\"57\">3<\/td>\n<\/tr>\n<tr>\n<td width=\"250\"><strong>Aktualne problemy w o\u015bwiacie <\/strong><\/td>\n<td width=\"180\">prof. Janusz Wolny<\/td>\n<td width=\"85\"><strong>15<\/strong><\/td>\n<td width=\"57\">3<\/td>\n<\/tr>\n<tr>\n<td width=\"250\"><strong>Praca dyplomowa <\/strong><\/td>\n<td width=\"180\">Promotor<\/td>\n<td width=\"85\"><strong>35<\/strong><\/td>\n<td width=\"57\">10<\/td>\n<\/tr>\n<tr>\n<td width=\"250\"><strong>Praktyka<\/strong><\/td>\n<td width=\"180\">dr Anna Stoli\u0144ska<\/td>\n<td width=\"85\"><strong>60<\/strong><\/td>\n<td width=\"57\"><\/td>\n<\/tr>\n<tr>\n<td width=\"250\"><strong>Seminarium dyplomowe <\/strong><\/td>\n<td width=\"180\">dr Gra\u017cyna Krupi\u0144ska<\/td>\n<td width=\"85\"><strong>15E<\/strong><\/td>\n<td width=\"57\">5<\/td>\n<\/tr>\n<tr>\n<td width=\"250\"><strong>Konsultacje<\/strong><\/td>\n<td width=\"180\">dr Gra\u017cyna Krupi\u0144ska<\/td>\n<td width=\"85\"><strong>10<\/strong><\/td>\n<td width=\"57\"><\/td>\n<\/tr>\n<\/tbody>\n<\/table>\n","protected":false},"excerpt":{"rendered":"<p>Informatyka w szkole (studia dla nauczycieli) &nbsp; Charakterystyka studi\u00f3w: Celem studi\u00f3w jest przygotowanie nauczycieli do nauczania informatyki na poziomie szko\u0142y podstawowej, zawodowej \u00a0i \u015bredniej. Absolwent studi\u00f3w zostanie wyposa\u017cony w podstawow\u0105 wiedz\u0119 z zakresu metodyki nauczania informatyki oraz zapozna si\u0119 z mo\u017cliwo\u015bciami wykorzystania narz\u0119dzi informatycznych do przygotowania i prowadzenia zaj\u0119\u0107 dydaktycznych. Uczestnicy studi\u00f3w zostan\u0105 przygotowani do [&hellip;]<\/p>\n","protected":false},"author":1,"featured_media":0,"parent":0,"menu_order":0,"comment_status":"open","ping_status":"open","template":"","meta":{"footnotes":""},"_links":{"self":[{"href":"https:\/\/view.fis.agh.edu.pl\/service\/podyplomowe\/wp-json\/wp\/v2\/pages\/66"}],"collection":[{"href":"https:\/\/view.fis.agh.edu.pl\/service\/podyplomowe\/wp-json\/wp\/v2\/pages"}],"about":[{"href":"https:\/\/view.fis.agh.edu.pl\/service\/podyplomowe\/wp-json\/wp\/v2\/types\/page"}],"author":[{"embeddable":true,"href":"https:\/\/view.fis.agh.edu.pl\/service\/podyplomowe\/wp-json\/wp\/v2\/users\/1"}],"replies":[{"embeddable":true,"href":"https:\/\/view.fis.agh.edu.pl\/service\/podyplomowe\/wp-json\/wp\/v2\/comments?post=66"}],"version-history":[{"count":26,"href":"https:\/\/view.fis.agh.edu.pl\/service\/podyplomowe\/wp-json\/wp\/v2\/pages\/66\/revisions"}],"predecessor-version":[{"id":1879,"href":"https:\/\/view.fis.agh.edu.pl\/service\/podyplomowe\/wp-json\/wp\/v2\/pages\/66\/revisions\/1879"}],"wp:attachment":[{"href":"https:\/\/view.fis.agh.edu.pl\/service\/podyplomowe\/wp-json\/wp\/v2\/media?parent=66"}],"curies":[{"name":"wp","href":"https:\/\/api.w.org\/{rel}","templated":true}]}}