{"id":7,"date":"2011-05-04T21:30:15","date_gmt":"2011-05-04T21:30:15","guid":{"rendered":"http:\/\/dev.wpjungle.pl\/fiis\/?page_id=7"},"modified":"2024-05-08T13:21:45","modified_gmt":"2024-05-08T11:21:45","slug":"fizyka-z-elementami-informatyki","status":"publish","type":"page","link":"https:\/\/view.fis.agh.edu.pl\/service\/podyplomowe\/fizyka-z-elementami-informatyki\/","title":{"rendered":"Fizyka z elementami informatyki"},"content":{"rendered":"<h1>Fizyka z elementami Informatyki<\/h1>\n<p><strong>(studia dla nauczycieli)<\/strong><\/p>\n<p><strong>Charakterystyka studi\u00f3w:<\/strong><\/p>\n<p>Celem studi\u00f3w jest przygotowanie nauczycieli do nauczania fizyki z astronomi\u0105 na poziomie szko\u0142y podstawowej, zawodowej i \u015bredniej\u00a0oraz rozszerzenie dotychczas posiadanej przez nich wiedzy przyrodniczej i informatycznej. Absolwent studi\u00f3w zostanie wyposa\u017cony w podstawow\u0105 wiedz\u0119 z zakresu metodyki nauczania fizyki oraz zapozna si\u0119 z mo\u017cliwo\u015bciami wykorzystania narz\u0119dzi informatycznych do przygotowania i prowadzenia zaj\u0119\u0107 dydaktycznych. Uczestnicy studi\u00f3w zostan\u0105 przygotowani do organizacji pracowni fizycznej i wykorzystania do\u015bwiadcze\u0144 fizycznych w procesie nauczania.<\/p>\n<p><strong>Sylwetka absolwenta:<\/strong><\/p>\n<p>Studia te skierowane s\u0105 do absolwent\u00f3w szk\u00f3\u0142 wy\u017cszych\u00a0 kierunk\u00f3w przyrodniczych, techniczno-informatycznych lub pokrewnych: czynnych nauczycieli lub os\u00f3b\u00a0 posiadaj\u0105cych przygotowanie pedagogiczne do nauczania w szkole. Studia te daj\u0105 uprawnienia do nauczania fizyki.<\/p>\n<table border=\"1\" width=\"719\" cellpadding=\"15\">\n<tbody>\n<tr>\n<td rowspan=\"2\" width=\"255\"><strong>PRZEDMIOT<\/strong><\/td>\n<td rowspan=\"2\" width=\"170\"><strong>PROWADZ\u0104CY<\/strong><\/td>\n<td rowspan=\"2\" width=\"75\"><strong>LICZBA GODZIN<\/strong><\/td>\n<td rowspan=\"2\" width=\"57\"><strong>ECTS<\/strong><\/td>\n<\/tr>\n<tr>\n<td width=\"255\"><strong> <big>Semestr 1<\/big><\/strong><\/td>\n<td width=\"170\"><\/td>\n<td width=\"75\"><\/td>\n<td width=\"57\"><\/td>\n<td width=\"0\" height=\"33\"><\/td>\n<\/tr>\n<tr>\n<td width=\"255\"><strong>Podstawy fizyki<\/strong><\/td>\n<td width=\"170\">prof. dr hab. Janusz Wolny<\/td>\n<td width=\"75\"><strong>20\/20 E<\/strong><\/td>\n<td width=\"57\">13<\/td>\n<\/tr>\n<tr>\n<td width=\"255\"><strong>Elementy matematyki<\/strong><\/td>\n<td width=\"170\">dr Lucjan Pytlik<\/td>\n<td width=\"75\"><strong>10\/10<\/strong><\/td>\n<td width=\"57\">7<\/td>\n<\/tr>\n<tr>\n<td width=\"255\"><strong>Laboratorium z fizyki I<\/strong><\/td>\n<td width=\"170\">dr Joanna Janik-Kokoszka<\/td>\n<td width=\"75\"><strong>20<\/strong><\/td>\n<td width=\"57\">7<\/td>\n<\/tr>\n<tr>\n<td width=\"255\"><strong>Podstawy informatyki<\/strong><\/td>\n<td width=\"170\">dr in\u017c. Gra\u017cyna Krupi\u0144ska<\/td>\n<td width=\"75\"><strong>5\/5<\/strong><\/td>\n<td width=\"57\">3<\/td>\n<\/tr>\n<tr>\n<td width=\"255\"><strong>Konsultacje <\/strong><\/td>\n<td width=\"170\">prof. dr hab. Janusz Wolny<\/td>\n<td width=\"75\"><strong>10<\/strong><\/td>\n<td width=\"57\"><\/td>\n<\/tr>\n<tr>\n<td width=\"255\"><strong> <big>Semestr 2<\/big><\/strong><\/td>\n<td width=\"170\"><\/td>\n<td width=\"75\"><\/td>\n<td width=\"57\"><\/td>\n<\/tr>\n<tr>\n<td width=\"255\"><strong>Fizyka <\/strong><\/td>\n<td width=\"170\">prof. dr hab. Janusz Wolny<\/td>\n<td width=\"75\"><strong>13\/12 E<\/strong><\/td>\n<td width=\"57\">10<\/td>\n<\/tr>\n<tr>\n<td width=\"255\"><strong>Laboratorium z fizyki II <\/strong><\/td>\n<td width=\"170\">dr Joanna Janik-Kokoszka<\/td>\n<td width=\"75\"><strong>12<\/strong><\/td>\n<td width=\"57\">5<\/td>\n<\/tr>\n<tr>\n<td width=\"255\"><strong>Nauczanie fizyki przez pokazy do\u015bwiadczalne <\/strong><\/td>\n<td width=\"170\">dr in\u017c. Pawe\u0142 Janowski<\/td>\n<td width=\"75\"><strong>18<\/strong><\/td>\n<td width=\"57\">5<\/td>\n<\/tr>\n<tr>\n<td width=\"255\"><strong>Seminarium \u2013 jak uczy\u0107 fizyki?<\/strong><\/td>\n<td width=\"170\">prof. dr hab. Janusz Wolny<\/td>\n<td width=\"75\"><strong>15<\/strong><\/td>\n<td width=\"57\">5<\/td>\n<\/tr>\n<tr>\n<td width=\"255\"><strong>Wykorzystanie komputera w nauczaniu fizyki <\/strong><\/td>\n<td width=\"170\">dr in\u017c. Pawe\u0142 Janowski<\/td>\n<td width=\"75\"><strong>10\/10<\/strong><\/td>\n<td width=\"57\">5<\/td>\n<\/tr>\n<tr>\n<td width=\"255\"><strong>Konsultacje <\/strong><\/td>\n<td width=\"170\">prof. dr hab. Janusz Wolny<\/td>\n<td width=\"75\"><strong>10<\/strong><\/td>\n<td width=\"57\"><\/td>\n<\/tr>\n<tr>\n<td width=\"255\"><strong> <big>Semestr 3<\/big><\/strong><\/td>\n<td width=\"170\"><\/td>\n<td width=\"75\"><\/td>\n<td width=\"57\"><\/td>\n<\/tr>\n<tr>\n<td width=\"255\"><strong>Fizyka wsp\u00f3\u0142czesna<\/strong><\/td>\n<td width=\"170\">prof. dr hab. Janusz Wolny<\/td>\n<td width=\"75\"><strong>10\/11<\/strong><\/td>\n<td width=\"57\">70<\/td>\n<\/tr>\n<tr>\n<td width=\"255\"><strong>Organizacja pracowni fizycznej<\/strong><\/td>\n<td width=\"170\">prof. dr hab. Janusz Wolny<\/td>\n<td width=\"75\"><strong>24 E<\/strong><\/td>\n<td width=\"57\">11<\/td>\n<\/tr>\n<tr>\n<td width=\"255\"><strong>Astrofizyka <\/strong><\/td>\n<td width=\"170\">dr in\u017c. Pawe\u0142 Janowski<\/td>\n<td width=\"75\"><strong>10<\/strong><\/td>\n<td width=\"57\">3<\/td>\n<\/tr>\n<tr>\n<td width=\"255\"><strong>Kosmologia<\/strong><\/td>\n<td width=\"170\">dr in\u017c. Pawe\u0142 Janowski<\/td>\n<td width=\"75\"><strong>10<\/strong><\/td>\n<td width=\"57\">3<\/td>\n<\/tr>\n<tr>\n<td width=\"255\"><strong>Wsp\u00f3\u0142czesne problemy pedagogiki i metodyki wych.<\/strong><\/td>\n<td width=\"170\">dr Anna Stoli\u0144ska<\/td>\n<td width=\"75\"><strong>10<\/strong><\/td>\n<td width=\"57\">3<\/td>\n<\/tr>\n<tr>\n<td width=\"255\"><strong>Aktualne problemy w o\u015bwiacie <\/strong><\/td>\n<td width=\"170\">prof. dr hab. Janusz Wolny<\/td>\n<td width=\"75\"><strong>15<\/strong><\/td>\n<td width=\"57\">3<\/td>\n<\/tr>\n<tr>\n<td width=\"255\"><strong>Praca dyplomowa <\/strong><\/td>\n<td width=\"170\">Promotor<\/td>\n<td width=\"75\"><strong>35<\/strong><\/td>\n<td width=\"57\">10<\/td>\n<\/tr>\n<tr>\n<td width=\"255\"><strong>Praktyka<\/strong><\/td>\n<td width=\"170\">dr Anna Stoli\u0144ska<\/td>\n<td width=\"75\"><strong>60<\/strong><\/td>\n<td width=\"57\"><\/td>\n<\/tr>\n<tr>\n<td width=\"255\"><strong>Seminarium dyplomowe <\/strong><\/td>\n<td width=\"170\">prof. dr hab. Janusz Wolny<\/td>\n<td width=\"75\"><strong>15E<\/strong><\/td>\n<td width=\"57\">5<\/td>\n<\/tr>\n<tr>\n<td width=\"255\"><strong>Konsultacje<\/strong><\/td>\n<td width=\"170\">prof. dr hab. Janusz Wolny<\/td>\n<td width=\"75\"><strong>10<\/strong><\/td>\n<td width=\"57\"><\/td>\n<\/tr>\n<\/tbody>\n<\/table>\n","protected":false},"excerpt":{"rendered":"<p>Fizyka z elementami Informatyki (studia dla nauczycieli) Charakterystyka studi\u00f3w: Celem studi\u00f3w jest przygotowanie nauczycieli do nauczania fizyki z astronomi\u0105 na poziomie szko\u0142y podstawowej, zawodowej i \u015bredniej\u00a0oraz rozszerzenie dotychczas posiadanej przez nich wiedzy przyrodniczej i informatycznej. Absolwent studi\u00f3w zostanie wyposa\u017cony w podstawow\u0105 wiedz\u0119 z zakresu metodyki nauczania fizyki oraz zapozna si\u0119 z mo\u017cliwo\u015bciami wykorzystania narz\u0119dzi informatycznych [&hellip;]<\/p>\n","protected":false},"author":1,"featured_media":0,"parent":0,"menu_order":0,"comment_status":"open","ping_status":"closed","template":"","meta":{"footnotes":""},"_links":{"self":[{"href":"https:\/\/view.fis.agh.edu.pl\/service\/podyplomowe\/wp-json\/wp\/v2\/pages\/7"}],"collection":[{"href":"https:\/\/view.fis.agh.edu.pl\/service\/podyplomowe\/wp-json\/wp\/v2\/pages"}],"about":[{"href":"https:\/\/view.fis.agh.edu.pl\/service\/podyplomowe\/wp-json\/wp\/v2\/types\/page"}],"author":[{"embeddable":true,"href":"https:\/\/view.fis.agh.edu.pl\/service\/podyplomowe\/wp-json\/wp\/v2\/users\/1"}],"replies":[{"embeddable":true,"href":"https:\/\/view.fis.agh.edu.pl\/service\/podyplomowe\/wp-json\/wp\/v2\/comments?post=7"}],"version-history":[{"count":31,"href":"https:\/\/view.fis.agh.edu.pl\/service\/podyplomowe\/wp-json\/wp\/v2\/pages\/7\/revisions"}],"predecessor-version":[{"id":1875,"href":"https:\/\/view.fis.agh.edu.pl\/service\/podyplomowe\/wp-json\/wp\/v2\/pages\/7\/revisions\/1875"}],"wp:attachment":[{"href":"https:\/\/view.fis.agh.edu.pl\/service\/podyplomowe\/wp-json\/wp\/v2\/media?parent=7"}],"curies":[{"name":"wp","href":"https:\/\/api.w.org\/{rel}","templated":true}]}}