{"id":72,"date":"2011-06-01T12:49:00","date_gmt":"2011-06-01T12:49:00","guid":{"rendered":"http:\/\/dev.wpjungle.pl\/fiis\/?page_id=72"},"modified":"2011-06-01T13:04:12","modified_gmt":"2011-06-01T13:04:12","slug":"kontakt","status":"publish","type":"page","link":"https:\/\/view.fis.agh.edu.pl\/service\/podyplomowe\/kontakt\/","title":{"rendered":"Kontakt"},"content":{"rendered":"<h1>Kontakt<\/h1>\n<p>Kierownik studi\u00f3w podyplomowych<\/p>\n<p>Prof. dr hab. Janusz Wolny<\/p>\n<p>Bli\u017cszych informacji udziela dziekanat Wydzia\u0142u Fizyki i Informatyki Stosowanej, AGH w Krakowie, Krak\u00f3w, ul. Reymonta 19, pok. 18 (budynek D-10)<\/p>\n<p>Tel. 12 617 29 50<\/p>\n<p>Email: <a href=\"mailto:podyplomowe@fis.agh.edu.pl\">podyplomowe@fis.agh.edu.pl<\/a><\/p>\n","protected":false},"excerpt":{"rendered":"<p>Kontakt Kierownik studi\u00f3w podyplomowych Prof. dr hab. Janusz Wolny Bli\u017cszych informacji udziela dziekanat Wydzia\u0142u Fizyki i Informatyki Stosowanej, AGH w Krakowie, Krak\u00f3w, ul. Reymonta 19, pok. 18 (budynek D-10) Tel. 12 617 29 50 Email: podyplomowe@fis.agh.edu.pl<\/p>\n","protected":false},"author":1,"featured_media":0,"parent":0,"menu_order":0,"comment_status":"open","ping_status":"open","template":"","meta":{"footnotes":""},"_links":{"self":[{"href":"https:\/\/view.fis.agh.edu.pl\/service\/podyplomowe\/wp-json\/wp\/v2\/pages\/72"}],"collection":[{"href":"https:\/\/view.fis.agh.edu.pl\/service\/podyplomowe\/wp-json\/wp\/v2\/pages"}],"about":[{"href":"https:\/\/view.fis.agh.edu.pl\/service\/podyplomowe\/wp-json\/wp\/v2\/types\/page"}],"author":[{"embeddable":true,"href":"https:\/\/view.fis.agh.edu.pl\/service\/podyplomowe\/wp-json\/wp\/v2\/users\/1"}],"replies":[{"embeddable":true,"href":"https:\/\/view.fis.agh.edu.pl\/service\/podyplomowe\/wp-json\/wp\/v2\/comments?post=72"}],"version-history":[{"count":5,"href":"https:\/\/view.fis.agh.edu.pl\/service\/podyplomowe\/wp-json\/wp\/v2\/pages\/72\/revisions"}],"predecessor-version":[{"id":87,"href":"https:\/\/view.fis.agh.edu.pl\/service\/podyplomowe\/wp-json\/wp\/v2\/pages\/72\/revisions\/87"}],"wp:attachment":[{"href":"https:\/\/view.fis.agh.edu.pl\/service\/podyplomowe\/wp-json\/wp\/v2\/media?parent=72"}],"curies":[{"name":"wp","href":"https:\/\/api.w.org\/{rel}","templated":true}]}}